{"id":6505,"date":"2018-09-17T04:06:34","date_gmt":"2018-09-17T02:06:34","guid":{"rendered":"https:\/\/der-nassenhof.de\/accueil\/"},"modified":"2025-12-19T13:44:25","modified_gmt":"2025-12-19T11:44:25","slug":"accueil","status":"publish","type":"page","link":"https:\/\/der-nassenhof.de\/fr\/","title":{"rendered":"Accueil"},"content":{"rendered":"\t\t<div data-elementor-type=\"wp-post\" data-elementor-id=\"6505\" class=\"elementor elementor-6505 elementor-161\" data-elementor-post-type=\"page\">\n\t\t\t\t\t\t<section class=\"elementor-section elementor-top-section elementor-element elementor-element-43ce37f0 elementor-section-stretched elementor-section-full_width elementor-section-height-default elementor-section-height-default\" data-id=\"43ce37f0\" data-element_type=\"section\" data-e-type=\"section\" data-settings=\"{&quot;stretch_section&quot;:&quot;section-stretched&quot;}\">\n\t\t\t\t\t\t<div class=\"elementor-container elementor-column-gap-no\">\n\t\t\t\t\t<div class=\"elementor-column elementor-col-100 elementor-top-column elementor-element elementor-element-46d6db24\" data-id=\"46d6db24\" data-element_type=\"column\" data-e-type=\"column\">\n\t\t\t<div class=\"elementor-widget-wrap elementor-element-populated\">\n\t\t\t\t\t\t<div class=\"elementor-element elementor-element-6532d0f2 elementor-widget elementor-widget-boosted-elements-slider\" data-id=\"6532d0f2\" data-element_type=\"widget\" data-e-type=\"widget\" data-widget_type=\"boosted-elements-slider.default\">\n\t\t\t\t<div class=\"elementor-widget-container\">\n\t\t\t\t\t\t\n\t<div class=\"boosted-elements-slider-loader-height\">\t\t<div class=\"boosted-elements-progression-slider-container boosted-delay-animate boosted_elements_slider_arrow_visiblity_hover boosted_elements_slider_dots_visiblity_visible\">\n\t\t\t<div id=\"boosted-elements-progression-flexslider-6532d0f2\" class=\"boosted-elements-slider-main\">\n\t\t\t\t<ul class=\"boosted-elements-slides\">\n\t\t\t\t\t\t\t\t\t\t\t<li class=\"elementor-repeater-item-4500353 bosted_animate_up\">\n\t\t\t\t\t\t\n\t\t\t\t\t\t\n\t\t\t\t\t\t\t\t\t\t\t\t\t\n\t\t\t\t\t\t\n\t\t\t\t\t\t\n\t\t\t\t\t\t\t<div class=\"boosted-elements-slider-background\">\n\t\t\t\t\t\t\t\n\t\t\t\t\t\t\t\t<div class=\"boosted-elements-slider-display-table\">\n\t\t\t\t\t\t\t\t\t<div class=\"boosted-elements-slider-content-container\">\n\t\t\t\t\t\t\t\t\t\n\t\t\t\t\t\t\t\t\t\t<div class=\"boosted-elements-slider-container-fixed-optional\">\n\t\t\t\t\t\t\t\t\t\t<div class=\"boosted-elements-slider-content\">\n\t\t\t\t\t\t\t\t\t\t\n\t\t\t\t\t\t\t\t\t\t\t<div class=\"bosted-element-content-margin\">\n\t\t\t\t\t\t\t\t\t\t\t\t\t\t\t\t\t\t\t\t\t\t\t\t\t<h2 class=\"boosted-elements-slide-title boosted-animation-delay\"><span>Restaurant unique et moderne<\/span><\/h2>\n\t\t\t\t\t\t\t\t\t\t\t\t\t\t\t\t\t\t\t\t\t\t\t\t\t\t\t\t\t\t\t\t\t\t\t\t\t\t\t\t\t\t\t\t\t\n\t\t\t\t\t\t\t\t\t\t\t\t\t\t\t\t\t\t\t\t\t\t\t\t\n\t\t\t\t\t\t\t\t\t\t\t\t\n\t\t\t\t\t\t\t\t\t\t\t\t\t\t\t\t\t\t\t\t\t\t\t\t\t\n\t\t\t\t\t\t\t\t\t\t\t\t\t\t\t\t\t\t\t\t\t\t\t\t\t\t\n\t\t\t\t\t\t\t\t\t\t\t\n\t\t\t\t\t\t\t\t\t\t\t\n\t\t\t\t\t\t\t\t\t\t\t\n\t\t\t\t\t\t\t\t\t\t\t\t\t\t\t\t\t\t\t\t\t\n\t\t\t\t\t\t\t\t\t\n\t\t\t\t\t\t\t\t\t\t\t\t<div class=\"clearfix-boosted-element\"><\/div>\n\t\t\t\t\t\t\t\t\t\t\t<\/div><!-- close .bosted-element-content-margin -->\t\n\t\t\t\t\t\t\t\t\t\t\t\n\t\t\t\t\t\t\t\t\t\t<\/div><!-- close .boosted-elements-slider-content -->\n\t\t\t\t\t\t\t\t\t\n\t\t\t\t\t\t\t\t\t\t<\/div><!-- close .boosted-elements-slider-container-fixed-optional -->\n\t\t\t\t\t\t\t\t\t\n\t\t\t\t\t\t\t\t\t\t\t\n\t\t\t\t\t\t\t\t\t\n\t\t\t\t\t\t\t\t\t<\/div><!-- close .boosted-elements-slider-content-container -->\n\n\t\t\t\t\t\t\t\t\t\t\t\t\t\t\t\t\t\n\t\t\t\t\t\t\t\t\n\t\t\t\t\t\t\t\t\t\t\t\t\t\t\t\t\t\t<div class=\"boosted-elements-slider-gradient-overlay\"><\/div>\n\t\t\t\t\t\t\t\t<\/div>\n\t\t\t\t\t\t\t\n\t\t\t\t\t\t\t<\/div><!-- close  .boosted-elements-slider-background -->\n\t\t\t\t\t\n\t\t\t\t\t\t\n\t\t\t\t\t\t\t\t\t\t\t\t\t\t\t\n\t\t\t\t\t\t\t\t\t\t\t\t\t\t\n\t\t\t\t\t\t<\/li>\n\t\t\t\t\t\t\t\t\t\t\t<li class=\"elementor-repeater-item-5c21b06 bosted_animate_up\">\n\t\t\t\t\t\t\n\t\t\t\t\t\t\n\t\t\t\t\t\t\t\t\t\t\t\t\t\n\t\t\t\t\t\t\n\t\t\t\t\t\t\n\t\t\t\t\t\t\t<div class=\"boosted-elements-slider-background\">\n\t\t\t\t\t\t\t\n\t\t\t\t\t\t\t\t<div class=\"boosted-elements-slider-display-table\">\n\t\t\t\t\t\t\t\t\t<div class=\"boosted-elements-slider-content-container\">\n\t\t\t\t\t\t\t\t\t\n\t\t\t\t\t\t\t\t\t\t<div class=\"boosted-elements-slider-container-fixed-optional\">\n\t\t\t\t\t\t\t\t\t\t<div class=\"boosted-elements-slider-content\">\n\t\t\t\t\t\t\t\t\t\t\n\t\t\t\t\t\t\t\t\t\t\t<div class=\"bosted-element-content-margin\">\n\t\t\t\t\t\t\t\t\t\t\t\t\t\t\t\t\t\t\t\t\t\t\t\t\t<h2 class=\"boosted-elements-slide-title boosted-animation-delay\"><span>Chambres confortables et agr\u00e9ables<\/span><\/h2>\n\t\t\t\t\t\t\t\t\t\t\t\t\t\t\t\t\t\t\t\t\t\t\t\t\t\t\t\t\t\t\t\t\t\t\t\t\t\t\t\t\t\t\t\t\t\n\t\t\t\t\t\t\t\t\t\t\t\t\t\t\t\t\t\t\t\t\t\t\t\t\n\t\t\t\t\t\t\t\t\t\t\t\t\n\t\t\t\t\t\t\t\t\t\t\t\t\t\t\t\t\t\t\t\t\t\t\t\t\t\n\t\t\t\t\t\t\t\t\t\t\t\t\t\t\t\t\t\t\t\t\t\t\t\t\t\t\n\t\t\t\t\t\t\t\t\t\t\t\n\t\t\t\t\t\t\t\t\t\t\t\n\t\t\t\t\t\t\t\t\t\t\t\n\t\t\t\t\t\t\t\t\t\t\t\t\t\t\t\t\t\t\t\t\t\n\t\t\t\t\t\t\t\t\t\n\t\t\t\t\t\t\t\t\t\t\t\t<div class=\"clearfix-boosted-element\"><\/div>\n\t\t\t\t\t\t\t\t\t\t\t<\/div><!-- close .bosted-element-content-margin -->\t\n\t\t\t\t\t\t\t\t\t\t\t\n\t\t\t\t\t\t\t\t\t\t<\/div><!-- close .boosted-elements-slider-content -->\n\t\t\t\t\t\t\t\t\t\n\t\t\t\t\t\t\t\t\t\t<\/div><!-- close .boosted-elements-slider-container-fixed-optional -->\n\t\t\t\t\t\t\t\t\t\n\t\t\t\t\t\t\t\t\t\t\t\n\t\t\t\t\t\t\t\t\t\n\t\t\t\t\t\t\t\t\t<\/div><!-- close .boosted-elements-slider-content-container -->\n\n\t\t\t\t\t\t\t\t\t\t\t\t\t\t\t\t\t\n\t\t\t\t\t\t\t\t\n\t\t\t\t\t\t\t\t\t\t\t\t\t\t\t\t\t\t<div class=\"boosted-elements-slider-gradient-overlay\"><\/div>\n\t\t\t\t\t\t\t\t<\/div>\n\t\t\t\t\t\t\t\n\t\t\t\t\t\t\t<\/div><!-- close  .boosted-elements-slider-background -->\n\t\t\t\t\t\n\t\t\t\t\t\t\n\t\t\t\t\t\t\t\t\t\t\t\t\t\t\t\n\t\t\t\t\t\t\t\t\t\t\t\t\t\t\n\t\t\t\t\t\t<\/li>\n\t\t\t\t\t\t\t\t\t\t\t<li class=\"elementor-repeater-item-3d08eee bosted_animate_up\">\n\t\t\t\t\t\t\n\t\t\t\t\t\t\n\t\t\t\t\t\t\t\t\t\t\t\t\t\n\t\t\t\t\t\t\n\t\t\t\t\t\t\n\t\t\t\t\t\t\t<div class=\"boosted-elements-slider-background\">\n\t\t\t\t\t\t\t\n\t\t\t\t\t\t\t\t<div class=\"boosted-elements-slider-display-table\">\n\t\t\t\t\t\t\t\t\t<div class=\"boosted-elements-slider-content-container\">\n\t\t\t\t\t\t\t\t\t\n\t\t\t\t\t\t\t\t\t\t<div class=\"boosted-elements-slider-container-fixed-optional\">\n\t\t\t\t\t\t\t\t\t\t<div class=\"boosted-elements-slider-content\">\n\t\t\t\t\t\t\t\t\t\t\n\t\t\t\t\t\t\t\t\t\t\t<div class=\"bosted-element-content-margin\">\n\t\t\t\t\t\t\t\t\t\t\t\t\t\t\t\t\t\t\t\t\t\t\t\t\t<h2 class=\"boosted-elements-slide-title boosted-animation-delay\"><span>Fra\u00eecheur et qualit\u00e9<\/span><\/h2>\n\t\t\t\t\t\t\t\t\t\t\t\t\t\t\t\t\t\t\t\t\t\t\t\t\t\t\t\t\t\t\t\t\t\t\t\t\t\t\t\t\t\t\t\t\t\n\t\t\t\t\t\t\t\t\t\t\t\t\t\t\t\t\t\t\t\t\t\t\t\t\n\t\t\t\t\t\t\t\t\t\t\t\t\n\t\t\t\t\t\t\t\t\t\t\t\t\t\t\t\t\t\t\t\t\t\t\t\t\t\n\t\t\t\t\t\t\t\t\t\t\t\t\t\t\t\t\t\t\t\t\t\t\t\t\t\t\n\t\t\t\t\t\t\t\t\t\t\t\n\t\t\t\t\t\t\t\t\t\t\t\n\t\t\t\t\t\t\t\t\t\t\t\n\t\t\t\t\t\t\t\t\t\t\t\t\t\t\t\t\t\t\t\t\t\n\t\t\t\t\t\t\t\t\t\n\t\t\t\t\t\t\t\t\t\t\t\t<div class=\"clearfix-boosted-element\"><\/div>\n\t\t\t\t\t\t\t\t\t\t\t<\/div><!-- close .bosted-element-content-margin -->\t\n\t\t\t\t\t\t\t\t\t\t\t\n\t\t\t\t\t\t\t\t\t\t<\/div><!-- close .boosted-elements-slider-content -->\n\t\t\t\t\t\t\t\t\t\n\t\t\t\t\t\t\t\t\t\t<\/div><!-- close .boosted-elements-slider-container-fixed-optional -->\n\t\t\t\t\t\t\t\t\t\n\t\t\t\t\t\t\t\t\t\t\t\n\t\t\t\t\t\t\t\t\t\n\t\t\t\t\t\t\t\t\t<\/div><!-- close .boosted-elements-slider-content-container -->\n\n\t\t\t\t\t\t\t\t\t\t\t\t\t\t\t\t\t\n\t\t\t\t\t\t\t\t\n\t\t\t\t\t\t\t\t\t\t\t\t\t\t\t\t\t\t<div class=\"boosted-elements-slider-gradient-overlay\"><\/div>\n\t\t\t\t\t\t\t\t<\/div>\n\t\t\t\t\t\t\t\n\t\t\t\t\t\t\t<\/div><!-- close  .boosted-elements-slider-background -->\n\t\t\t\t\t\n\t\t\t\t\t\t\n\t\t\t\t\t\t\t\t\t\t\t\t\t\t\t\n\t\t\t\t\t\t\t\t\t\t\t\t\t\t\n\t\t\t\t\t\t<\/li>\n\t\t\t\t\t\t\t\t\t<\/ul>\n\t\t\t\n\t\t\t\t\t\t\t\n\t\t\t<\/div><!-- #boosted-elements-progression-flexslider-6532d0f2 -->\n\t\t<\/div><!-- close .boosted-elements-progression-slider-container -->\n\t<\/div><!-- close .boosted-elements-slider-loader-height -->\t<div class=\"clearfix-boosted-element\"><\/div>\n\t\n\t\n\t\t\t\t\t\t\t\t\t\t\t\t\t\n\t<script type=\"text\/javascript\"> \n\tjQuery(document).ready(function($) {\n\t\t'use strict';\n\t\t\n\t\t\t\t\n      $('#boosted-elements-progression-flexslider-6532d0f2').flexslider({\n\t\t\tnamespace: \"boosted-elements-slider-\",\n\t\t\tselector: \".boosted-elements-slides  > li\",\n\t\t\tprevText: \"\",\n\t\t\ttouch: true,\n\t\t\tnextText: \"\",\n\t\t\tslideshow:true,\n\t\t\tslideshowSpeed: 7500,\n\t\t\tanimation: \"fade\",\n\t\t\tanimationSpeed: 800,\n\t\t\tpauseOnHover: true,\n\t\t\t      });\n\t\t\n   \t$(\"#boosted-elements-progression-flexslider-6532d0f2 a.boosted-elements-slider-lightbox[data-rel^='prettyPhoto']\").prettyPhoto({\n \t\t\ttheme: 'pp_default',\n   \t\t\thook: 'data-rel',\n \t\t\t\topacity: 0.7,\n   \t\t\tshow_title: false,\n   \t\t\tdeeplinking: false,\n   \t\t\toverlay_gallery: false,\n   \t\t\tcustom_markup: '',\n \t\t\t\tdefault_width: 900,\n \t\t\t\tdefault_height: 506,\n   \t\t\tsocial_tools: ''\n   \t});\n\t\t\n\t\t\n\t\t\t\t\n\t});\n\t<\/script>\n\t\n\t\t\t\t\t<\/div>\n\t\t\t\t<\/div>\n\t\t\t\t\t<\/div>\n\t\t<\/div>\n\t\t\t\t\t<\/div>\n\t\t<\/section>\n\t\t<div class=\"elementor-element elementor-element-4d717c2 e-con-full e-flex e-con e-parent\" data-id=\"4d717c2\" data-element_type=\"container\" data-e-type=\"container\">\n\t\t\t\t<div class=\"elementor-element elementor-element-5e0d162 elementor-widget__width-initial elementor-widget elementor-widget-text-editor\" data-id=\"5e0d162\" data-element_type=\"widget\" data-e-type=\"widget\" data-widget_type=\"text-editor.default\">\n\t\t\t\t<div class=\"elementor-widget-container\">\n\t\t\t\t\t\t\t\t\t<h4> <\/h4><h3>Bienvenue au <strong>Nassenhof<\/strong> et au <strong>Restaurant Zur Buche<\/strong><\/h3><h5><em>Nous ferons de votre s\u00e9jour dans l&rsquo;Eifel une exp\u00e9rience inoubliable<\/em><\/h5><h6>Notre deuxi\u00e8me joyau, le <strong>Nassenhof<\/strong>, se trouve \u00e0 seulement 800 m\u00e8tres du <strong>Venngasthof zur Buche<\/strong> et vous offre un h\u00e9bergement extr\u00eamement agr\u00e9able et confortable dans un endroit calme.<\/h6><h6><span style=\"text-decoration: underline;\"><strong>Qu&rsquo;il soit court ou long&nbsp;:<\/strong><\/span><br>Nous sommes ravis de vous accueillir aussi bien au <strong>Nassenhof<\/strong> qu&rsquo;au <strong>Restaurant Zur Buche<\/strong><br>et de rendre votre s\u00e9jour aussi agr\u00e9able que possible&nbsp;!<\/h6>\t\t\t\t\t\t\t\t<\/div>\n\t\t\t\t<\/div>\n\t\t\t\t<\/div>\n\t\t\t\t<section class=\"elementor-section elementor-top-section elementor-element elementor-element-5eb45f4c elementor-section-boxed elementor-section-height-default elementor-section-height-default\" data-id=\"5eb45f4c\" data-element_type=\"section\" data-e-type=\"section\">\n\t\t\t\t\t\t<div class=\"elementor-container elementor-column-gap-default\">\n\t\t\t\t\t<div class=\"elementor-column elementor-col-33 elementor-top-column elementor-element elementor-element-127a3272\" data-id=\"127a3272\" data-element_type=\"column\" data-e-type=\"column\">\n\t\t\t<div class=\"elementor-widget-wrap elementor-element-populated\">\n\t\t\t\t\t\t<div class=\"elementor-element elementor-element-1276a983 elementor-widget elementor-widget-heading\" data-id=\"1276a983\" data-element_type=\"widget\" data-e-type=\"widget\" data-widget_type=\"heading.default\">\n\t\t\t\t<div class=\"elementor-widget-container\">\n\t\t\t\t\t<h2 class=\"elementor-heading-title elementor-size-default\">Nassenhof<\/h2>\t\t\t\t<\/div>\n\t\t\t\t<\/div>\n\t\t\t\t<div class=\"elementor-element elementor-element-4a81f138 elementor-widget elementor-widget-image\" data-id=\"4a81f138\" data-element_type=\"widget\" data-e-type=\"widget\" data-widget_type=\"image.default\">\n\t\t\t\t<div class=\"elementor-widget-container\">\n\t\t\t\t\t\t\t\t\t\t\t\t\t\t\t<img fetchpriority=\"high\" decoding=\"async\" width=\"600\" height=\"400\" src=\"https:\/\/der-nassenhof.de\/wp-content\/uploads\/2025\/08\/Aussenansicht-600x400.jpg\" class=\"attachment-progression-studios-portfolio size-progression-studios-portfolio wp-image-6516\" alt=\"\" \/>\t\t\t\t\t\t\t\t\t\t\t\t\t\t\t<\/div>\n\t\t\t\t<\/div>\n\t\t\t\t<div class=\"elementor-element elementor-element-2f56aa8b elementor-widget elementor-widget-text-editor\" data-id=\"2f56aa8b\" data-element_type=\"widget\" data-e-type=\"widget\" data-widget_type=\"text-editor.default\">\n\t\t\t\t<div class=\"elementor-widget-container\">\n\t\t\t\t\t\t\t\t\t<p>Le Nassenhof est de nouveau en activit\u00e9 depuis ao\u00fbt 2025. Apr\u00e8s 10 ans de sommeil, le restaurant traditionnel au c\u0153ur de M\u00fctzenich reprend vie. <\/p>\t\t\t\t\t\t\t\t<\/div>\n\t\t\t\t<\/div>\n\t\t\t\t<div class=\"elementor-element elementor-element-2ab39a52 elementor-align-center elementor-absolute elementor-widget elementor-widget-button\" data-id=\"2ab39a52\" data-element_type=\"widget\" data-e-type=\"widget\" data-settings=\"{&quot;_position&quot;:&quot;absolute&quot;}\" data-widget_type=\"button.default\">\n\t\t\t\t<div class=\"elementor-widget-container\">\n\t\t\t\t\t\t\t\t\t<div class=\"elementor-button-wrapper\">\n\t\t\t\t\t<a class=\"elementor-button elementor-button-link elementor-size-sm\" href=\"https:\/\/der-nassenhof.de\/fr\/nassenhof\/\">\n\t\t\t\t\t\t<span class=\"elementor-button-content-wrapper\">\n\t\t\t\t\t\t\t\t\t<span class=\"elementor-button-text\">lire la suite-&gt;<\/span>\n\t\t\t\t\t<\/span>\n\t\t\t\t\t<\/a>\n\t\t\t\t<\/div>\n\t\t\t\t\t\t\t\t<\/div>\n\t\t\t\t<\/div>\n\t\t\t\t\t<\/div>\n\t\t<\/div>\n\t\t\t\t<div class=\"elementor-column elementor-col-33 elementor-top-column elementor-element elementor-element-3e257637\" data-id=\"3e257637\" data-element_type=\"column\" data-e-type=\"column\">\n\t\t\t<div class=\"elementor-widget-wrap elementor-element-populated\">\n\t\t\t\t\t\t<div class=\"elementor-element elementor-element-69333e7 elementor-widget elementor-widget-heading\" data-id=\"69333e7\" data-element_type=\"widget\" data-e-type=\"widget\" data-widget_type=\"heading.default\">\n\t\t\t\t<div class=\"elementor-widget-container\">\n\t\t\t\t\t<h2 class=\"elementor-heading-title elementor-size-default\">Notre restaurant<\/h2>\t\t\t\t<\/div>\n\t\t\t\t<\/div>\n\t\t\t\t<div class=\"elementor-element elementor-element-3f93c392 elementor-widget elementor-widget-image\" data-id=\"3f93c392\" data-element_type=\"widget\" data-e-type=\"widget\" data-widget_type=\"image.default\">\n\t\t\t\t<div class=\"elementor-widget-container\">\n\t\t\t\t\t\t\t\t\t\t\t\t\t\t\t<img decoding=\"async\" width=\"600\" height=\"400\" src=\"https:\/\/der-nassenhof.de\/wp-content\/uploads\/2025\/08\/Restaurant_02-600x400.jpg\" class=\"attachment-progression-studios-portfolio size-progression-studios-portfolio wp-image-6514\" alt=\"\" \/>\t\t\t\t\t\t\t\t\t\t\t\t\t\t\t<\/div>\n\t\t\t\t<\/div>\n\t\t\t\t<div class=\"elementor-element elementor-element-2ed30a0e elementor-widget elementor-widget-text-editor\" data-id=\"2ed30a0e\" data-element_type=\"widget\" data-e-type=\"widget\" data-widget_type=\"text-editor.default\">\n\t\t\t\t<div class=\"elementor-widget-container\">\n\t\t\t\t\t\t\t\t\t<p>Notre restaurant confortable peut accueillir jusqu&rsquo;\u00e0 25 personnes. Pour les groupes plus importants, nous pouvons \u00e9galement utiliser notre propre salle.  <\/p>\t\t\t\t\t\t\t\t<\/div>\n\t\t\t\t<\/div>\n\t\t\t\t<div class=\"elementor-element elementor-element-32199646 elementor-align-center elementor-absolute elementor-widget elementor-widget-button\" data-id=\"32199646\" data-element_type=\"widget\" data-e-type=\"widget\" data-settings=\"{&quot;_position&quot;:&quot;absolute&quot;}\" data-widget_type=\"button.default\">\n\t\t\t\t<div class=\"elementor-widget-container\">\n\t\t\t\t\t\t\t\t\t<div class=\"elementor-button-wrapper\">\n\t\t\t\t\t<a class=\"elementor-button elementor-button-link elementor-size-sm\" href=\"https:\/\/der-nassenhof.de\/fr\/restaurant-bistro\/\">\n\t\t\t\t\t\t<span class=\"elementor-button-content-wrapper\">\n\t\t\t\t\t\t\t\t\t<span class=\"elementor-button-text\">lire la suite-&gt;<\/span>\n\t\t\t\t\t<\/span>\n\t\t\t\t\t<\/a>\n\t\t\t\t<\/div>\n\t\t\t\t\t\t\t\t<\/div>\n\t\t\t\t<\/div>\n\t\t\t\t\t<\/div>\n\t\t<\/div>\n\t\t\t\t<div class=\"elementor-column elementor-col-33 elementor-top-column elementor-element elementor-element-1b39197e\" data-id=\"1b39197e\" data-element_type=\"column\" data-e-type=\"column\">\n\t\t\t<div class=\"elementor-widget-wrap elementor-element-populated\">\n\t\t\t\t\t\t<div class=\"elementor-element elementor-element-5767ad66 elementor-widget elementor-widget-heading\" data-id=\"5767ad66\" data-element_type=\"widget\" data-e-type=\"widget\" data-widget_type=\"heading.default\">\n\t\t\t\t<div class=\"elementor-widget-container\">\n\t\t\t\t\t<h2 class=\"elementor-heading-title elementor-size-default\">Nos chambres<\/h2>\t\t\t\t<\/div>\n\t\t\t\t<\/div>\n\t\t\t\t<div class=\"elementor-element elementor-element-1ec8ee84 elementor-widget elementor-widget-image\" data-id=\"1ec8ee84\" data-element_type=\"widget\" data-e-type=\"widget\" data-widget_type=\"image.default\">\n\t\t\t\t<div class=\"elementor-widget-container\">\n\t\t\t\t\t\t\t\t\t\t\t\t\t\t\t<img decoding=\"async\" width=\"600\" height=\"400\" src=\"https:\/\/der-nassenhof.de\/wp-content\/uploads\/2025\/08\/165A3622-600x400.jpg\" class=\"attachment-progression-studios-portfolio size-progression-studios-portfolio wp-image-6515\" alt=\"\" srcset=\"https:\/\/der-nassenhof.de\/wp-content\/uploads\/2025\/08\/165A3622-600x400.jpg 600w, https:\/\/der-nassenhof.de\/wp-content\/uploads\/2025\/08\/165A3622-300x200.jpg 300w, https:\/\/der-nassenhof.de\/wp-content\/uploads\/2025\/08\/165A3622-1024x683.jpg 1024w, https:\/\/der-nassenhof.de\/wp-content\/uploads\/2025\/08\/165A3622-768x512.jpg 768w, https:\/\/der-nassenhof.de\/wp-content\/uploads\/2025\/08\/165A3622-1536x1024.jpg 1536w, https:\/\/der-nassenhof.de\/wp-content\/uploads\/2025\/08\/165A3622.jpg 2048w\" sizes=\"(max-width: 600px) 100vw, 600px\" \/>\t\t\t\t\t\t\t\t\t\t\t\t\t\t\t<\/div>\n\t\t\t\t<\/div>\n\t\t\t\t<div class=\"elementor-element elementor-element-5b9a82fd elementor-widget elementor-widget-text-editor\" data-id=\"5b9a82fd\" data-element_type=\"widget\" data-e-type=\"widget\" data-widget_type=\"text-editor.default\">\n\t\t\t\t<div class=\"elementor-widget-container\">\n\t\t\t\t\t\t\t\t\t<p>Arrivez et sentez-vous imm\u00e9diatement \u00e0 l&rsquo;aise&nbsp;: nous ferons \u00e9galement de vos vacances dans l&rsquo;Eifel une exp\u00e9rience inoubliable&nbsp;!<\/p>\t\t\t\t\t\t\t\t<\/div>\n\t\t\t\t<\/div>\n\t\t\t\t<div class=\"elementor-element elementor-element-349964d elementor-align-center elementor-absolute elementor-widget elementor-widget-button\" data-id=\"349964d\" data-element_type=\"widget\" data-e-type=\"widget\" data-settings=\"{&quot;_position&quot;:&quot;absolute&quot;}\" data-widget_type=\"button.default\">\n\t\t\t\t<div class=\"elementor-widget-container\">\n\t\t\t\t\t\t\t\t\t<div class=\"elementor-button-wrapper\">\n\t\t\t\t\t<a class=\"elementor-button elementor-button-link elementor-size-sm\" href=\"https:\/\/der-nassenhof.de\/fr\/nouvelle-chambre\/\">\n\t\t\t\t\t\t<span class=\"elementor-button-content-wrapper\">\n\t\t\t\t\t\t\t\t\t<span class=\"elementor-button-text\">lire la suite-&gt;<\/span>\n\t\t\t\t\t<\/span>\n\t\t\t\t\t<\/a>\n\t\t\t\t<\/div>\n\t\t\t\t\t\t\t\t<\/div>\n\t\t\t\t<\/div>\n\t\t\t\t\t<\/div>\n\t\t<\/div>\n\t\t\t\t\t<\/div>\n\t\t<\/section>\n\t\t\t\t<\/div>\n\t\t","protected":false},"excerpt":{"rendered":"<p>Einzigartiges und modernes Restaurant Gute und komfortable Zimmer Frische und Qualit\u00e4t Bienvenue au Nassenhof et au Restaurant Zur Buche Nous ferons de votre s\u00e9jour dans l&rsquo;Eifel une exp\u00e9rience inoubliable Notre deuxi\u00e8me joyau, le Nassenhof, se trouve \u00e0 seulement 800 m\u00e8tres du Venngasthof zur Buche et vous offre un h\u00e9bergement extr\u00eamement agr\u00e9able et confortable dans un [&hellip;]<\/p>\n","protected":false},"author":2,"featured_media":0,"parent":0,"menu_order":0,"comment_status":"closed","ping_status":"closed","template":"","meta":{"_acf_changed":false,"footnotes":""},"class_list":["post-6505","page","type-page","status-publish","hentry"],"acf":[],"_links":{"self":[{"href":"https:\/\/der-nassenhof.de\/fr\/wp-json\/wp\/v2\/pages\/6505","targetHints":{"allow":["GET"]}}],"collection":[{"href":"https:\/\/der-nassenhof.de\/fr\/wp-json\/wp\/v2\/pages"}],"about":[{"href":"https:\/\/der-nassenhof.de\/fr\/wp-json\/wp\/v2\/types\/page"}],"author":[{"embeddable":true,"href":"https:\/\/der-nassenhof.de\/fr\/wp-json\/wp\/v2\/users\/2"}],"replies":[{"embeddable":true,"href":"https:\/\/der-nassenhof.de\/fr\/wp-json\/wp\/v2\/comments?post=6505"}],"version-history":[{"count":9,"href":"https:\/\/der-nassenhof.de\/fr\/wp-json\/wp\/v2\/pages\/6505\/revisions"}],"predecessor-version":[{"id":7417,"href":"https:\/\/der-nassenhof.de\/fr\/wp-json\/wp\/v2\/pages\/6505\/revisions\/7417"}],"wp:attachment":[{"href":"https:\/\/der-nassenhof.de\/fr\/wp-json\/wp\/v2\/media?parent=6505"}],"curies":[{"name":"wp","href":"https:\/\/api.w.org\/{rel}","templated":true}]}}