{"id":6848,"date":"2025-10-17T11:41:55","date_gmt":"2025-10-17T09:41:55","guid":{"rendered":"https:\/\/der-nassenhof.de\/nassenhof\/"},"modified":"2025-11-14T14:05:23","modified_gmt":"2025-11-14T12:05:23","slug":"nassenhof","status":"publish","type":"page","link":"https:\/\/der-nassenhof.de\/fr\/nassenhof\/","title":{"rendered":"Nassenhof"},"content":{"rendered":"\t\t<div data-elementor-type=\"wp-page\" data-elementor-id=\"6848\" class=\"elementor elementor-6848 elementor-6190\" data-elementor-post-type=\"page\">\n\t\t\t\t\t\t<section class=\"elementor-section elementor-top-section elementor-element elementor-element-5be2c99 elementor-section-boxed elementor-section-height-default elementor-section-height-default\" data-id=\"5be2c99\" data-element_type=\"section\" data-e-type=\"section\">\n\t\t\t\t\t\t<div class=\"elementor-container elementor-column-gap-default\">\n\t\t\t\t\t<div class=\"elementor-column elementor-col-100 elementor-top-column elementor-element elementor-element-d5d8323\" data-id=\"d5d8323\" data-element_type=\"column\" data-e-type=\"column\">\n\t\t\t<div class=\"elementor-widget-wrap elementor-element-populated\">\n\t\t\t\t\t\t<div class=\"elementor-element elementor-element-15a92d6 elementor-widget__width-initial elementor-widget elementor-widget-text-editor\" data-id=\"15a92d6\" data-element_type=\"widget\" data-e-type=\"widget\" data-widget_type=\"text-editor.default\">\n\t\t\t\t<div class=\"elementor-widget-container\">\n\t\t\t\t\t\t\t\t\t<h2 class=\"elementor-heading-title elementor-size-default\"><strong>Le Nassenhof <\/strong><\/h2><h5 class=\"elementor-heading-title elementor-size-default\">Restaurant traditionnel au c\u0153ur de M\u00fctzenich<\/h5><p class=\"elementor-heading-title elementor-size-default\"><br><br>Le <strong>Nassenhof<\/strong> est sorti de sa torpeur \u2013 apr\u00e8s plus de 10 ans d&rsquo;inoccupation, nous lui avons redonn\u00e9 vie.<\/p><p>En 2019, nous avons repris le <strong>Venngasthof zur Buche<\/strong> \u00e0 M\u00fctzenich \u2013 seulement 6 ans et demi plus tard, le <strong>Nassenhof<\/strong>, situ\u00e9 \u00e0 800 m\u00e8tres, nous appartient \u00e9galement.<br>Et par la m\u00eame occasion, le d\u00e9m\u00e9nagement de notre <strong>restaurant Zur Buche<\/strong> y a eu lieu.<\/p><h6><strong>Mais reprenons depuis le d\u00e9but.<\/strong><\/h6><p>Avec la vision de cr\u00e9er un lieu o\u00f9 les clients se sentent vraiment \u00e0 l&rsquo;aise. Gr\u00e2ce \u00e0 beaucoup d&rsquo;engagement, une \u00e9quipe formidable et un excellent chef cuisinier, une ancienne auberge est devenue un restaurant populaire et bien \u00e9tabli. Notre <strong>restaurant Zur Buche.<br><\/strong>Au fil des ann\u00e9es, il est apparu que les conditions spatiales \u2013 en particulier le chemin entre la cuisine et la salle \u00e0 manger par un escalier en colima\u00e7on \u00e9troit \u2013 repr\u00e9sentaient un v\u00e9ritable d\u00e9fi \u00e0 long terme en exploitation. C&rsquo;est de cette situation qu&rsquo;a m\u00fbri la d\u00e9cision de r\u00e9organiser spatialement l&rsquo;activit\u00e9 du restaurant afin d&rsquo;offrir plus de confort et de facilit\u00e9 aux clients et aux employ\u00e9s.   <\/p><p>La prochaine \u00e9tape \u00e9tait claire : nous souhaitons nous d\u00e9velopper avec le <strong>Nassenhof<\/strong>, situ\u00e9 \u00e0 seulement 800 m\u00e8tres du <strong>Venngasthof zur Buche<\/strong>.<\/p><p>Depuis le 1er ao\u00fbt 2025, nos clients trouvent notre <strong>restaurant Zur Buche<\/strong> au 80 de la Eupener Stra\u00dfe, dans le <strong>Nassenhof<\/strong>. Sur 50 places assises, r\u00e9parties dans deux salles s\u00e9par\u00e9es \u2013 le bistro et le restaurant, nos clients peuvent d\u00e9sormais se sentir vraiment bien. Et s&rsquo;il s&rsquo;agit d&rsquo;un groupe plus important ?  <br>Pas de probl\u00e8me ! Avec notre salle attenante, nous avons toujours la possibilit\u00e9 id\u00e9ale pour votre r\u00e9union. <\/p><h6><strong>Arriver et se sentir imm\u00e9diatement \u00e0 l&rsquo;aise&nbsp;:<\/strong><br>Nous ferons \u00e9galement de vos vacances dans l&rsquo;Eifel une exp\u00e9rience inoubliable&nbsp;!<\/h6>\t\t\t\t\t\t\t\t<\/div>\n\t\t\t\t<\/div>\n\t\t\t\t<div class=\"elementor-element elementor-element-91acc9d elementor-widget elementor-widget-image\" data-id=\"91acc9d\" data-element_type=\"widget\" data-e-type=\"widget\" data-widget_type=\"image.default\">\n\t\t\t\t<div class=\"elementor-widget-container\">\n\t\t\t\t\t\t\t\t\t\t\t\t\t\t\t<img fetchpriority=\"high\" decoding=\"async\" width=\"768\" height=\"576\" src=\"https:\/\/der-nassenhof.de\/wp-content\/uploads\/2025\/08\/Aussenansicht-768x576.jpg\" class=\"attachment-medium_large size-medium_large wp-image-6516\" alt=\"\" srcset=\"https:\/\/der-nassenhof.de\/wp-content\/uploads\/2025\/08\/Aussenansicht-768x576.jpg 768w, https:\/\/der-nassenhof.de\/wp-content\/uploads\/2025\/08\/Aussenansicht-300x225.jpg 300w, https:\/\/der-nassenhof.de\/wp-content\/uploads\/2025\/08\/Aussenansicht-1024x768.jpg 1024w, https:\/\/der-nassenhof.de\/wp-content\/uploads\/2025\/08\/Aussenansicht-1536x1152.jpg 1536w, https:\/\/der-nassenhof.de\/wp-content\/uploads\/2025\/08\/Aussenansicht.jpg 2000w\" sizes=\"(max-width: 768px) 100vw, 768px\" \/>\t\t\t\t\t\t\t\t\t\t\t\t\t\t\t<\/div>\n\t\t\t\t<\/div>\n\t\t\t\t\t<\/div>\n\t\t<\/div>\n\t\t\t\t\t<\/div>\n\t\t<\/section>\n\t\t\t\t<\/div>\n\t\t","protected":false},"excerpt":{"rendered":"<p>Le Nassenhof Restaurant traditionnel au c\u0153ur de M\u00fctzenich Le Nassenhof est sorti de sa torpeur \u2013 apr\u00e8s plus de 10 ans d&rsquo;inoccupation, nous lui avons redonn\u00e9 vie. En 2019, nous avons repris le Venngasthof zur Buche \u00e0 M\u00fctzenich \u2013 seulement 6 ans et demi plus tard, le Nassenhof, situ\u00e9 \u00e0 800 m\u00e8tres, nous appartient \u00e9galement.Et [&hellip;]<\/p>\n","protected":false},"author":2,"featured_media":0,"parent":0,"menu_order":0,"comment_status":"closed","ping_status":"closed","template":"","meta":{"_acf_changed":false,"footnotes":""},"class_list":["post-6848","page","type-page","status-publish","hentry"],"acf":[],"_links":{"self":[{"href":"https:\/\/der-nassenhof.de\/fr\/wp-json\/wp\/v2\/pages\/6848","targetHints":{"allow":["GET"]}}],"collection":[{"href":"https:\/\/der-nassenhof.de\/fr\/wp-json\/wp\/v2\/pages"}],"about":[{"href":"https:\/\/der-nassenhof.de\/fr\/wp-json\/wp\/v2\/types\/page"}],"author":[{"embeddable":true,"href":"https:\/\/der-nassenhof.de\/fr\/wp-json\/wp\/v2\/users\/2"}],"replies":[{"embeddable":true,"href":"https:\/\/der-nassenhof.de\/fr\/wp-json\/wp\/v2\/comments?post=6848"}],"version-history":[{"count":1,"href":"https:\/\/der-nassenhof.de\/fr\/wp-json\/wp\/v2\/pages\/6848\/revisions"}],"predecessor-version":[{"id":6849,"href":"https:\/\/der-nassenhof.de\/fr\/wp-json\/wp\/v2\/pages\/6848\/revisions\/6849"}],"wp:attachment":[{"href":"https:\/\/der-nassenhof.de\/fr\/wp-json\/wp\/v2\/media?parent=6848"}],"curies":[{"name":"wp","href":"https:\/\/api.w.org\/{rel}","templated":true}]}}