{"id":6861,"date":"2022-05-18T06:50:29","date_gmt":"2022-05-18T04:50:29","guid":{"rendered":"https:\/\/der-nassenhof.de\/cyclisme\/"},"modified":"2025-11-14T15:04:20","modified_gmt":"2025-11-14T13:04:20","slug":"cyclisme","status":"publish","type":"page","link":"https:\/\/der-nassenhof.de\/fr\/cyclisme\/","title":{"rendered":"Cyclisme"},"content":{"rendered":"\t\t<div data-elementor-type=\"wp-page\" data-elementor-id=\"6861\" class=\"elementor elementor-6861 elementor-722\" data-elementor-post-type=\"page\">\n\t\t\t\t<div class=\"elementor-element elementor-element-4113094 e-flex e-con-boxed e-con e-parent\" data-id=\"4113094\" data-element_type=\"container\" data-e-type=\"container\">\n\t\t\t\t\t<div class=\"e-con-inner\">\n\t\t\t\t<div class=\"elementor-element elementor-element-a04ccae elementor-widget elementor-widget-heading\" data-id=\"a04ccae\" data-element_type=\"widget\" data-e-type=\"widget\" data-widget_type=\"heading.default\">\n\t\t\t\t<div class=\"elementor-widget-container\">\n\t\t\t\t\t<h2 class=\"elementor-heading-title elementor-size-default\">Circuits \u00e0 v\u00e9lo \u00e0 travers l'Eifel<\/h2>\t\t\t\t<\/div>\n\t\t\t\t<\/div>\n\t\t\t\t\t<\/div>\n\t\t\t\t<\/div>\n\t\t\t\t<section class=\"elementor-section elementor-top-section elementor-element elementor-element-64e9627 elementor-section-boxed elementor-section-height-default elementor-section-height-default\" data-id=\"64e9627\" data-element_type=\"section\" data-e-type=\"section\">\n\t\t\t\t\t\t<div class=\"elementor-container elementor-column-gap-default\">\n\t\t\t\t\t<div class=\"elementor-column elementor-col-100 elementor-top-column elementor-element elementor-element-d037cd6\" data-id=\"d037cd6\" data-element_type=\"column\" data-e-type=\"column\">\n\t\t\t<div class=\"elementor-widget-wrap elementor-element-populated\">\n\t\t\t\t\t\t<div class=\"elementor-element elementor-element-5244843 elementor-arrows-position-inside elementor-pagination-position-outside elementor-widget elementor-widget-image-carousel\" data-id=\"5244843\" data-element_type=\"widget\" data-e-type=\"widget\" data-settings=\"{&quot;navigation&quot;:&quot;both&quot;,&quot;autoplay&quot;:&quot;yes&quot;,&quot;pause_on_hover&quot;:&quot;yes&quot;,&quot;pause_on_interaction&quot;:&quot;yes&quot;,&quot;autoplay_speed&quot;:5000,&quot;infinite&quot;:&quot;yes&quot;,&quot;speed&quot;:500}\" data-widget_type=\"image-carousel.default\">\n\t\t\t\t<div class=\"elementor-widget-container\">\n\t\t\t\t\t\t\t<div class=\"elementor-image-carousel-wrapper swiper\" role=\"region\" aria-roledescription=\"carousel\" aria-label=\"Bild Karussell\" dir=\"ltr\">\n\t\t\t<div class=\"elementor-image-carousel swiper-wrapper\" aria-live=\"off\">\n\t\t\t\t\t\t\t\t<div class=\"swiper-slide\" role=\"group\" aria-roledescription=\"slide\" aria-label=\"1 sur 2\"><a data-elementor-open-lightbox=\"yes\" data-elementor-lightbox-slideshow=\"5244843\" data-elementor-lightbox-title=\"Reichenstein2\" data-e-action-hash=\"#elementor-action%3Aaction%3Dlightbox%26settings%3DeyJpZCI6Njg2MiwidXJsIjoiaHR0cHM6XC9cL2Rlci1uYXNzZW5ob2YuZGVcL3dwLWNvbnRlbnRcL3VwbG9hZHNcLzIwMjVcLzA5XC9SZWljaGVuc3RlaW4yLmpwZyIsInNsaWRlc2hvdyI6IjUyNDQ4NDMifQ%3D%3D\" href=\"https:\/\/der-nassenhof.de\/wp-content\/uploads\/2025\/09\/Reichenstein2.jpg\"><figure class=\"swiper-slide-inner\"><img decoding=\"async\" class=\"swiper-slide-image\" src=\"https:\/\/der-nassenhof.de\/wp-content\/uploads\/2025\/09\/Reichenstein2-600x400.jpg\" alt=\"Reichenstein2\" \/><\/figure><\/a><\/div><div class=\"swiper-slide\" role=\"group\" aria-roledescription=\"slide\" aria-label=\"2 sur 2\"><a data-elementor-open-lightbox=\"yes\" data-elementor-lightbox-slideshow=\"5244843\" data-elementor-lightbox-title=\"Route Ravel\" data-e-action-hash=\"#elementor-action%3Aaction%3Dlightbox%26settings%3DeyJpZCI6Njg2MywidXJsIjoiaHR0cHM6XC9cL2Rlci1uYXNzZW5ob2YuZGVcL3dwLWNvbnRlbnRcL3VwbG9hZHNcLzIwMjVcLzA5XC9SYXZlbC1Sb3V0ZS5qcGciLCJzbGlkZXNob3ciOiI1MjQ0ODQzIn0%3D\" href=\"https:\/\/der-nassenhof.de\/wp-content\/uploads\/2025\/09\/Ravel-Route.jpg\"><figure class=\"swiper-slide-inner\"><img decoding=\"async\" class=\"swiper-slide-image\" src=\"https:\/\/der-nassenhof.de\/wp-content\/uploads\/2025\/09\/Ravel-Route-600x400.jpg\" alt=\"Route Ravel\" \/><\/figure><\/a><\/div>\t\t\t<\/div>\n\t\t\t\t\t\t\t\t\t\t\t\t<div class=\"elementor-swiper-button elementor-swiper-button-prev\" role=\"button\" tabindex=\"0\">\n\t\t\t\t\t\t<svg aria-hidden=\"true\" class=\"e-font-icon-svg e-eicon-chevron-left\" viewBox=\"0 0 1000 1000\" xmlns=\"http:\/\/www.w3.org\/2000\/svg\"><path d=\"M646 125C629 125 613 133 604 142L308 442C296 454 292 471 292 487 292 504 296 521 308 533L604 854C617 867 629 875 646 875 663 875 679 871 692 858 704 846 713 829 713 812 713 796 708 779 692 767L438 487 692 225C700 217 708 204 708 187 708 171 704 154 692 142 675 129 663 125 646 125Z\"><\/path><\/svg>\t\t\t\t\t<\/div>\n\t\t\t\t\t<div class=\"elementor-swiper-button elementor-swiper-button-next\" role=\"button\" tabindex=\"0\">\n\t\t\t\t\t\t<svg aria-hidden=\"true\" class=\"e-font-icon-svg e-eicon-chevron-right\" viewBox=\"0 0 1000 1000\" xmlns=\"http:\/\/www.w3.org\/2000\/svg\"><path d=\"M696 533C708 521 713 504 713 487 713 471 708 454 696 446L400 146C388 133 375 125 354 125 338 125 325 129 313 142 300 154 292 171 292 187 292 204 296 221 308 233L563 492 304 771C292 783 288 800 288 817 288 833 296 850 308 863 321 871 338 875 354 875 371 875 388 867 400 854L696 533Z\"><\/path><\/svg>\t\t\t\t\t<\/div>\n\t\t\t\t\n\t\t\t\t\t\t\t\t\t<div class=\"swiper-pagination\"><\/div>\n\t\t\t\t\t\t\t\t\t<\/div>\n\t\t\t\t\t\t<\/div>\n\t\t\t\t<\/div>\n\t\t\t\t\t<\/div>\n\t\t<\/div>\n\t\t\t\t\t<\/div>\n\t\t<\/section>\n\t\t\t\t<section class=\"elementor-section elementor-top-section elementor-element elementor-element-12fcc26 elementor-section-boxed elementor-section-height-default elementor-section-height-default\" data-id=\"12fcc26\" data-element_type=\"section\" data-e-type=\"section\">\n\t\t\t\t\t\t<div class=\"elementor-container elementor-column-gap-default\">\n\t\t\t\t\t<div class=\"elementor-column elementor-col-100 elementor-top-column elementor-element elementor-element-3bc1a7e\" data-id=\"3bc1a7e\" data-element_type=\"column\" data-e-type=\"column\">\n\t\t\t<div class=\"elementor-widget-wrap elementor-element-populated\">\n\t\t\t\t\t\t<div class=\"elementor-element elementor-element-5030b69 elementor-widget elementor-widget-text-editor\" data-id=\"5030b69\" data-element_type=\"widget\" data-e-type=\"widget\" data-widget_type=\"text-editor.default\">\n\t\t\t\t<div class=\"elementor-widget-container\">\n\t\t\t\t\t\t\t\t\t<p>Circuits \u00e0 v\u00e9lo sur des anciennes voies ferr\u00e9es, le long des rivi\u00e8res, \u00e0 travers les magnifiques Hautes Fagnes ou le parc national de l&rsquo;Eifel&nbsp;:<br>Tous ces chemins sont de longueur raisonnable, les mont\u00e9es sont faciles \u00e0 g\u00e9rer et il y a beaucoup \u00e0 d\u00e9couvrir et \u00e0 vivre \u00e0 gauche et \u00e0 droite des chemins.<\/p><p>Piste cyclable Vennbahn RAVeL&nbsp;: Une piste cyclable transfrontali\u00e8re d&rsquo;environ 125&nbsp;km d&rsquo;Aix-la-Chapelle \u00e0 Tr\u00e8ves avec une pente maximale de 2&nbsp;% (sur l&rsquo;ensemble du parcours) directement devant notre porte. (environ 2&nbsp;km jusqu&rsquo;\u00e0 la voie&nbsp;; <a href=\"https:\/\/venngasthof-zurbuche.de\/wp-content\/uploads\/2015\/07\/Zufahrt-vom-Vennbahnradweg-Karte.pdf\"><strong>plan d&rsquo;acc\u00e8s<\/strong><\/a>)  <\/p><p>Vous pouvez volontiers garer vos v\u00e9los dans notre garage verrouillable. Vous pouvez \u00e9galement recharger gratuitement les batteries de vos v\u00e9los \u00e9lectriques chez nous. <\/p>\t\t\t\t\t\t\t\t<\/div>\n\t\t\t\t<\/div>\n\t\t\t\t\t<\/div>\n\t\t<\/div>\n\t\t\t\t\t<\/div>\n\t\t<\/section>\n\t\t\t\t<\/div>\n\t\t","protected":false},"excerpt":{"rendered":"<p>Circuits \u00e0 v\u00e9lo \u00e0 travers l&rsquo;Eifel Circuits \u00e0 v\u00e9lo sur des anciennes voies ferr\u00e9es, le long des rivi\u00e8res, \u00e0 travers les magnifiques Hautes Fagnes ou le parc national de l&rsquo;Eifel&nbsp;:Tous ces chemins sont de longueur raisonnable, les mont\u00e9es sont faciles \u00e0 g\u00e9rer et il y a beaucoup \u00e0 d\u00e9couvrir et \u00e0 vivre \u00e0 gauche et [&hellip;]<\/p>\n","protected":false},"author":2,"featured_media":0,"parent":0,"menu_order":0,"comment_status":"closed","ping_status":"closed","template":"","meta":{"_acf_changed":false,"footnotes":""},"class_list":["post-6861","page","type-page","status-publish","hentry"],"acf":[],"_links":{"self":[{"href":"https:\/\/der-nassenhof.de\/fr\/wp-json\/wp\/v2\/pages\/6861","targetHints":{"allow":["GET"]}}],"collection":[{"href":"https:\/\/der-nassenhof.de\/fr\/wp-json\/wp\/v2\/pages"}],"about":[{"href":"https:\/\/der-nassenhof.de\/fr\/wp-json\/wp\/v2\/types\/page"}],"author":[{"embeddable":true,"href":"https:\/\/der-nassenhof.de\/fr\/wp-json\/wp\/v2\/users\/2"}],"replies":[{"embeddable":true,"href":"https:\/\/der-nassenhof.de\/fr\/wp-json\/wp\/v2\/comments?post=6861"}],"version-history":[{"count":2,"href":"https:\/\/der-nassenhof.de\/fr\/wp-json\/wp\/v2\/pages\/6861\/revisions"}],"predecessor-version":[{"id":7058,"href":"https:\/\/der-nassenhof.de\/fr\/wp-json\/wp\/v2\/pages\/6861\/revisions\/7058"}],"wp:attachment":[{"href":"https:\/\/der-nassenhof.de\/fr\/wp-json\/wp\/v2\/media?parent=6861"}],"curies":[{"name":"wp","href":"https:\/\/api.w.org\/{rel}","templated":true}]}}