{"id":6890,"date":"2022-05-18T06:48:07","date_gmt":"2022-05-18T04:48:07","guid":{"rendered":"https:\/\/der-nassenhof.de\/randonnee\/"},"modified":"2025-11-14T14:05:41","modified_gmt":"2025-11-14T12:05:41","slug":"randonnee","status":"publish","type":"page","link":"https:\/\/der-nassenhof.de\/fr\/randonnee\/","title":{"rendered":"Randonn\u00e9e"},"content":{"rendered":"\t\t<div data-elementor-type=\"wp-page\" data-elementor-id=\"6890\" class=\"elementor elementor-6890 elementor-717\" data-elementor-post-type=\"page\">\n\t\t\t\t\t\t<section class=\"elementor-section elementor-top-section elementor-element elementor-element-6694657 elementor-section-boxed elementor-section-height-default elementor-section-height-default\" data-id=\"6694657\" data-element_type=\"section\" data-e-type=\"section\">\n\t\t\t\t\t\t<div class=\"elementor-container elementor-column-gap-default\">\n\t\t\t\t\t<div class=\"elementor-column elementor-col-100 elementor-top-column elementor-element elementor-element-0bff0d6\" data-id=\"0bff0d6\" data-element_type=\"column\" data-e-type=\"column\">\n\t\t\t<div class=\"elementor-widget-wrap elementor-element-populated\">\n\t\t\t\t\t\t<div class=\"elementor-element elementor-element-ed69a08 elementor-arrows-position-inside elementor-pagination-position-outside elementor-widget elementor-widget-image-carousel\" data-id=\"ed69a08\" data-element_type=\"widget\" data-e-type=\"widget\" data-settings=\"{&quot;navigation&quot;:&quot;both&quot;,&quot;autoplay&quot;:&quot;yes&quot;,&quot;pause_on_hover&quot;:&quot;yes&quot;,&quot;pause_on_interaction&quot;:&quot;yes&quot;,&quot;autoplay_speed&quot;:5000,&quot;infinite&quot;:&quot;yes&quot;,&quot;speed&quot;:500}\" data-widget_type=\"image-carousel.default\">\n\t\t\t\t<div class=\"elementor-widget-container\">\n\t\t\t\t\t\t\t<div class=\"elementor-image-carousel-wrapper swiper\" role=\"region\" aria-roledescription=\"carousel\" aria-label=\"Bild Karussell\" dir=\"ltr\">\n\t\t\t<div class=\"elementor-image-carousel swiper-wrapper\" aria-live=\"off\">\n\t\t\t\t\t\t\t\t<div class=\"swiper-slide\" role=\"group\" aria-roledescription=\"slide\" aria-label=\"1 sur 8\"><a data-elementor-open-lightbox=\"yes\" data-elementor-lightbox-slideshow=\"ed69a08\" data-elementor-lightbox-title=\"Hohes-Venn-2-scaled\" data-e-action-hash=\"#elementor-action%3Aaction%3Dlightbox%26settings%3DeyJpZCI6Njg5MSwidXJsIjoiaHR0cHM6XC9cL2Rlci1uYXNzZW5ob2YuZGVcL3dwLWNvbnRlbnRcL3VwbG9hZHNcLzIwMjVcLzA5XC9Ib2hlcy1WZW5uLTItc2NhbGVkLTEuanBnIiwic2xpZGVzaG93IjoiZWQ2OWEwOCJ9\" href=\"https:\/\/der-nassenhof.de\/wp-content\/uploads\/2025\/09\/Hohes-Venn-2-scaled-1.jpg\"><figure class=\"swiper-slide-inner\"><img decoding=\"async\" class=\"swiper-slide-image\" src=\"https:\/\/der-nassenhof.de\/wp-content\/uploads\/2025\/09\/Hohes-Venn-2-scaled-1-600x400.jpg\" alt=\"Hohes-Venn-2-scaled\" \/><\/figure><\/a><\/div><div class=\"swiper-slide\" role=\"group\" aria-roledescription=\"slide\" aria-label=\"2 sur 8\"><a data-elementor-open-lightbox=\"yes\" data-elementor-lightbox-slideshow=\"ed69a08\" data-elementor-lightbox-title=\"Hohes-Venn-scaled\" data-e-action-hash=\"#elementor-action%3Aaction%3Dlightbox%26settings%3DeyJpZCI6Njg5MiwidXJsIjoiaHR0cHM6XC9cL2Rlci1uYXNzZW5ob2YuZGVcL3dwLWNvbnRlbnRcL3VwbG9hZHNcLzIwMjVcLzA5XC9Ib2hlcy1WZW5uLXNjYWxlZC0xLmpwZyIsInNsaWRlc2hvdyI6ImVkNjlhMDgifQ%3D%3D\" href=\"https:\/\/der-nassenhof.de\/wp-content\/uploads\/2025\/09\/Hohes-Venn-scaled-1.jpg\"><figure class=\"swiper-slide-inner\"><img decoding=\"async\" class=\"swiper-slide-image\" src=\"https:\/\/der-nassenhof.de\/wp-content\/uploads\/2025\/09\/Hohes-Venn-scaled-1-600x400.jpg\" alt=\"Hohes-Venn-scaled\" \/><\/figure><\/a><\/div><div class=\"swiper-slide\" role=\"group\" aria-roledescription=\"slide\" aria-label=\"3 sur 8\"><a data-elementor-open-lightbox=\"yes\" data-elementor-lightbox-slideshow=\"ed69a08\" data-elementor-lightbox-title=\"IMG_20170525_145936-scaled\" data-e-action-hash=\"#elementor-action%3Aaction%3Dlightbox%26settings%3DeyJpZCI6Njg5MywidXJsIjoiaHR0cHM6XC9cL2Rlci1uYXNzZW5ob2YuZGVcL3dwLWNvbnRlbnRcL3VwbG9hZHNcLzIwMjVcLzA5XC9JTUdfMjAxNzA1MjVfMTQ1OTM2LXNjYWxlZC0xLmpwZyIsInNsaWRlc2hvdyI6ImVkNjlhMDgifQ%3D%3D\" href=\"https:\/\/der-nassenhof.de\/wp-content\/uploads\/2025\/09\/IMG_20170525_145936-scaled-1.jpg\"><figure class=\"swiper-slide-inner\"><img decoding=\"async\" class=\"swiper-slide-image\" src=\"https:\/\/der-nassenhof.de\/wp-content\/uploads\/2025\/09\/IMG_20170525_145936-scaled-1-600x400.jpg\" alt=\"IMG_20170525_145936-scaled\" \/><\/figure><\/a><\/div><div class=\"swiper-slide\" role=\"group\" aria-roledescription=\"slide\" aria-label=\"4 sur 8\"><a data-elementor-open-lightbox=\"yes\" data-elementor-lightbox-slideshow=\"ed69a08\" data-elementor-lightbox-title=\"IMG_20170527_144739-scaled\" data-e-action-hash=\"#elementor-action%3Aaction%3Dlightbox%26settings%3DeyJpZCI6Njg5NCwidXJsIjoiaHR0cHM6XC9cL2Rlci1uYXNzZW5ob2YuZGVcL3dwLWNvbnRlbnRcL3VwbG9hZHNcLzIwMjVcLzA5XC9JTUdfMjAxNzA1MjdfMTQ0NzM5LXNjYWxlZC0xLmpwZyIsInNsaWRlc2hvdyI6ImVkNjlhMDgifQ%3D%3D\" href=\"https:\/\/der-nassenhof.de\/wp-content\/uploads\/2025\/09\/IMG_20170527_144739-scaled-1.jpg\"><figure class=\"swiper-slide-inner\"><img decoding=\"async\" class=\"swiper-slide-image\" src=\"https:\/\/der-nassenhof.de\/wp-content\/uploads\/2025\/09\/IMG_20170527_144739-scaled-1-600x400.jpg\" alt=\"IMG_20170527_144739-scaled\" \/><\/figure><\/a><\/div><div class=\"swiper-slide\" role=\"group\" aria-roledescription=\"slide\" aria-label=\"5 sur 8\"><a data-elementor-open-lightbox=\"yes\" data-elementor-lightbox-slideshow=\"ed69a08\" data-elementor-lightbox-title=\"P1030579\" data-e-action-hash=\"#elementor-action%3Aaction%3Dlightbox%26settings%3DeyJpZCI6Njg5NiwidXJsIjoiaHR0cHM6XC9cL2Rlci1uYXNzZW5ob2YuZGVcL3dwLWNvbnRlbnRcL3VwbG9hZHNcLzIwMjVcLzA5XC9QMTAzMDU3OS5qcGciLCJzbGlkZXNob3ciOiJlZDY5YTA4In0%3D\" href=\"https:\/\/der-nassenhof.de\/wp-content\/uploads\/2025\/09\/P1030579.jpg\"><figure class=\"swiper-slide-inner\"><img decoding=\"async\" class=\"swiper-slide-image\" src=\"https:\/\/der-nassenhof.de\/wp-content\/uploads\/2025\/09\/P1030579-600x400.jpg\" alt=\"P1030579\" \/><\/figure><\/a><\/div><div class=\"swiper-slide\" role=\"group\" aria-roledescription=\"slide\" aria-label=\"6 sur 8\"><a data-elementor-open-lightbox=\"yes\" data-elementor-lightbox-slideshow=\"ed69a08\" data-elementor-lightbox-title=\"IMG_1660-scaled\" data-e-action-hash=\"#elementor-action%3Aaction%3Dlightbox%26settings%3DeyJpZCI6Njg5NywidXJsIjoiaHR0cHM6XC9cL2Rlci1uYXNzZW5ob2YuZGVcL3dwLWNvbnRlbnRcL3VwbG9hZHNcLzIwMjVcLzA5XC9JTUdfMTY2MC1zY2FsZWQtMS5qcGciLCJzbGlkZXNob3ciOiJlZDY5YTA4In0%3D\" href=\"https:\/\/der-nassenhof.de\/wp-content\/uploads\/2025\/09\/IMG_1660-scaled-1.jpg\"><figure class=\"swiper-slide-inner\"><img decoding=\"async\" class=\"swiper-slide-image\" src=\"https:\/\/der-nassenhof.de\/wp-content\/uploads\/2025\/09\/IMG_1660-scaled-1-600x400.jpg\" alt=\"IMG_1660-scaled\" \/><\/figure><\/a><\/div><div class=\"swiper-slide\" role=\"group\" aria-roledescription=\"slide\" aria-label=\"7 sur 8\"><a data-elementor-open-lightbox=\"yes\" data-elementor-lightbox-slideshow=\"ed69a08\" data-elementor-lightbox-title=\"IMG_20180512_134333-scaled\" data-e-action-hash=\"#elementor-action%3Aaction%3Dlightbox%26settings%3DeyJpZCI6Njg5OCwidXJsIjoiaHR0cHM6XC9cL2Rlci1uYXNzZW5ob2YuZGVcL3dwLWNvbnRlbnRcL3VwbG9hZHNcLzIwMjVcLzA5XC9JTUdfMjAxODA1MTJfMTM0MzMzLXNjYWxlZC0xLmpwZyIsInNsaWRlc2hvdyI6ImVkNjlhMDgifQ%3D%3D\" href=\"https:\/\/der-nassenhof.de\/wp-content\/uploads\/2025\/09\/IMG_20180512_134333-scaled-1.jpg\"><figure class=\"swiper-slide-inner\"><img decoding=\"async\" class=\"swiper-slide-image\" src=\"https:\/\/der-nassenhof.de\/wp-content\/uploads\/2025\/09\/IMG_20180512_134333-scaled-1-600x400.jpg\" alt=\"IMG_20180512_134333-scaled\" \/><\/figure><\/a><\/div><div class=\"swiper-slide\" role=\"group\" aria-roledescription=\"slide\" aria-label=\"8 sur 8\"><a data-elementor-open-lightbox=\"yes\" data-elementor-lightbox-slideshow=\"ed69a08\" data-elementor-lightbox-title=\"Fachwerkhaeuser-scaled\" data-e-action-hash=\"#elementor-action%3Aaction%3Dlightbox%26settings%3DeyJpZCI6Njg5OSwidXJsIjoiaHR0cHM6XC9cL2Rlci1uYXNzZW5ob2YuZGVcL3dwLWNvbnRlbnRcL3VwbG9hZHNcLzIwMjVcLzA5XC9GYWNod2Vya2hhZXVzZXItc2NhbGVkLTEuanBnIiwic2xpZGVzaG93IjoiZWQ2OWEwOCJ9\" href=\"https:\/\/der-nassenhof.de\/wp-content\/uploads\/2025\/09\/Fachwerkhaeuser-scaled-1.jpg\"><figure class=\"swiper-slide-inner\"><img decoding=\"async\" class=\"swiper-slide-image\" src=\"https:\/\/der-nassenhof.de\/wp-content\/uploads\/2025\/09\/Fachwerkhaeuser-scaled-1-600x400.jpg\" alt=\"Fachwerkhaeuser-scaled\" \/><\/figure><\/a><\/div>\t\t\t<\/div>\n\t\t\t\t\t\t\t\t\t\t\t\t<div class=\"elementor-swiper-button elementor-swiper-button-prev\" role=\"button\" tabindex=\"0\">\n\t\t\t\t\t\t<svg aria-hidden=\"true\" class=\"e-font-icon-svg e-eicon-chevron-left\" viewBox=\"0 0 1000 1000\" xmlns=\"http:\/\/www.w3.org\/2000\/svg\"><path d=\"M646 125C629 125 613 133 604 142L308 442C296 454 292 471 292 487 292 504 296 521 308 533L604 854C617 867 629 875 646 875 663 875 679 871 692 858 704 846 713 829 713 812 713 796 708 779 692 767L438 487 692 225C700 217 708 204 708 187 708 171 704 154 692 142 675 129 663 125 646 125Z\"><\/path><\/svg>\t\t\t\t\t<\/div>\n\t\t\t\t\t<div class=\"elementor-swiper-button elementor-swiper-button-next\" role=\"button\" tabindex=\"0\">\n\t\t\t\t\t\t<svg aria-hidden=\"true\" class=\"e-font-icon-svg e-eicon-chevron-right\" viewBox=\"0 0 1000 1000\" xmlns=\"http:\/\/www.w3.org\/2000\/svg\"><path d=\"M696 533C708 521 713 504 713 487 713 471 708 454 696 446L400 146C388 133 375 125 354 125 338 125 325 129 313 142 300 154 292 171 292 187 292 204 296 221 308 233L563 492 304 771C292 783 288 800 288 817 288 833 296 850 308 863 321 871 338 875 354 875 371 875 388 867 400 854L696 533Z\"><\/path><\/svg>\t\t\t\t\t<\/div>\n\t\t\t\t\n\t\t\t\t\t\t\t\t\t<div class=\"swiper-pagination\"><\/div>\n\t\t\t\t\t\t\t\t\t<\/div>\n\t\t\t\t\t\t<\/div>\n\t\t\t\t<\/div>\n\t\t\t\t\t<\/div>\n\t\t<\/div>\n\t\t\t\t\t<\/div>\n\t\t<\/section>\n\t\t\t\t<section class=\"elementor-section elementor-top-section elementor-element elementor-element-a986841 elementor-section-boxed elementor-section-height-default elementor-section-height-default\" data-id=\"a986841\" data-element_type=\"section\" data-e-type=\"section\">\n\t\t\t\t\t\t<div class=\"elementor-container elementor-column-gap-default\">\n\t\t\t\t\t<div class=\"elementor-column elementor-col-100 elementor-top-column elementor-element elementor-element-3e2283f\" data-id=\"3e2283f\" data-element_type=\"column\" data-e-type=\"column\">\n\t\t\t<div class=\"elementor-widget-wrap elementor-element-populated\">\n\t\t\t\t\t\t<div class=\"elementor-element elementor-element-56810b2 elementor-widget elementor-widget-text-editor\" data-id=\"56810b2\" data-element_type=\"widget\" data-e-type=\"widget\" data-widget_type=\"text-editor.default\">\n\t\t\t\t<div class=\"elementor-widget-container\">\n\t\t\t\t\t\t\t\t\t<p>M\u00fctzenich, directement au bord des Hautes Fagnes, un v\u00e9ritable Eldorado pour les amateurs de randonn\u00e9es agr\u00e9ables ou exigeantes, directement sur l&rsquo;Eifelsteig. Depuis notre \u00e9tablissement, vous pouvez facilement parcourir quelques \u00e9tapes. (voir <strong><a href=\"https:\/\/der-nassenhof.de\/angebote\/\">Offres<\/a>)<\/strong>  <\/p><p>Randonn\u00e9es \u00e0 travers le magnifique paysage de haies de h\u00eatres jusqu&rsquo;\u00e0 Vogelsang, Einruhr ou Rurberg.<\/p><p>Monschau, la perle de l&rsquo;Eifel, avec ses maisons \u00e0 colombages et l&rsquo;un des plus beaux march\u00e9s de No\u00ebl, attire les randonneurs avec des courses d&rsquo;escaliers et des randonn\u00e9es autour de la ville.<\/p>\t\t\t\t\t\t\t\t<\/div>\n\t\t\t\t<\/div>\n\t\t\t\t\t<\/div>\n\t\t<\/div>\n\t\t\t\t\t<\/div>\n\t\t<\/section>\n\t\t\t\t<\/div>\n\t\t","protected":false},"excerpt":{"rendered":"<p>M\u00fctzenich, directement au bord des Hautes Fagnes, un v\u00e9ritable Eldorado pour les amateurs de randonn\u00e9es agr\u00e9ables ou exigeantes, directement sur l&rsquo;Eifelsteig. Depuis notre \u00e9tablissement, vous pouvez facilement parcourir quelques \u00e9tapes. (voir Offres) Randonn\u00e9es \u00e0 travers le magnifique paysage de haies de h\u00eatres jusqu&rsquo;\u00e0 Vogelsang, Einruhr ou Rurberg. Monschau, la perle de l&rsquo;Eifel, avec ses maisons [&hellip;]<\/p>\n","protected":false},"author":2,"featured_media":0,"parent":0,"menu_order":0,"comment_status":"closed","ping_status":"closed","template":"","meta":{"_acf_changed":false,"footnotes":""},"class_list":["post-6890","page","type-page","status-publish","hentry"],"acf":[],"_links":{"self":[{"href":"https:\/\/der-nassenhof.de\/fr\/wp-json\/wp\/v2\/pages\/6890","targetHints":{"allow":["GET"]}}],"collection":[{"href":"https:\/\/der-nassenhof.de\/fr\/wp-json\/wp\/v2\/pages"}],"about":[{"href":"https:\/\/der-nassenhof.de\/fr\/wp-json\/wp\/v2\/types\/page"}],"author":[{"embeddable":true,"href":"https:\/\/der-nassenhof.de\/fr\/wp-json\/wp\/v2\/users\/2"}],"replies":[{"embeddable":true,"href":"https:\/\/der-nassenhof.de\/fr\/wp-json\/wp\/v2\/comments?post=6890"}],"version-history":[{"count":1,"href":"https:\/\/der-nassenhof.de\/fr\/wp-json\/wp\/v2\/pages\/6890\/revisions"}],"predecessor-version":[{"id":6900,"href":"https:\/\/der-nassenhof.de\/fr\/wp-json\/wp\/v2\/pages\/6890\/revisions\/6900"}],"wp:attachment":[{"href":"https:\/\/der-nassenhof.de\/fr\/wp-json\/wp\/v2\/media?parent=6890"}],"curies":[{"name":"wp","href":"https:\/\/api.w.org\/{rel}","templated":true}]}}