{"id":6901,"date":"2022-05-18T06:43:44","date_gmt":"2022-05-18T04:43:44","guid":{"rendered":"https:\/\/der-nassenhof.de\/qualifications\/"},"modified":"2025-11-14T14:05:53","modified_gmt":"2025-11-14T12:05:53","slug":"qualifications","status":"publish","type":"page","link":"https:\/\/der-nassenhof.de\/fr\/qualifications\/","title":{"rendered":"Qualifications"},"content":{"rendered":"\t\t<div data-elementor-type=\"wp-page\" data-elementor-id=\"6901\" class=\"elementor elementor-6901 elementor-707\" data-elementor-post-type=\"page\">\n\t\t\t\t\t\t<section class=\"elementor-section elementor-top-section elementor-element elementor-element-0a7291e elementor-section-boxed elementor-section-height-default elementor-section-height-default\" data-id=\"0a7291e\" data-element_type=\"section\" data-e-type=\"section\">\n\t\t\t\t\t\t<div class=\"elementor-container elementor-column-gap-default\">\n\t\t\t\t\t<div class=\"elementor-column elementor-col-50 elementor-top-column elementor-element elementor-element-b461a1c\" data-id=\"b461a1c\" data-element_type=\"column\" data-e-type=\"column\">\n\t\t\t<div class=\"elementor-widget-wrap elementor-element-populated\">\n\t\t\t\t\t\t<div class=\"elementor-element elementor-element-0390d0c elementor-widget elementor-widget-image\" data-id=\"0390d0c\" data-element_type=\"widget\" data-e-type=\"widget\" data-widget_type=\"image.default\">\n\t\t\t\t<div class=\"elementor-widget-container\">\n\t\t\t\t\t\t\t\t\t\t\t\t\t\t\t<img decoding=\"async\" src=\"https:\/\/venngasthof-zurbuche.de\/wp-content\/uploads\/2023\/06\/G-Klassifizierung-2023-bis-2026.jpg\" title=\"\" alt=\"\" loading=\"lazy\" \/>\t\t\t\t\t\t\t\t\t\t\t\t\t\t\t<\/div>\n\t\t\t\t<\/div>\n\t\t\t\t\t<\/div>\n\t\t<\/div>\n\t\t\t\t<div class=\"elementor-column elementor-col-50 elementor-top-column elementor-element elementor-element-ae70cdb\" data-id=\"ae70cdb\" data-element_type=\"column\" data-e-type=\"column\">\n\t\t\t<div class=\"elementor-widget-wrap elementor-element-populated\">\n\t\t\t\t\t\t<div class=\"elementor-element elementor-element-03a4aec elementor-widget elementor-widget-image\" data-id=\"03a4aec\" data-element_type=\"widget\" data-e-type=\"widget\" data-widget_type=\"image.default\">\n\t\t\t\t<div class=\"elementor-widget-container\">\n\t\t\t\t\t\t\t\t\t\t\t\t\t\t\t<img decoding=\"async\" src=\"https:\/\/venngasthof-zurbuche.de\/wp-content\/uploads\/2023\/06\/Zertifikat-Bett-und-Bike.jpg\" title=\"\" alt=\"\" loading=\"lazy\" \/>\t\t\t\t\t\t\t\t\t\t\t\t\t\t\t<\/div>\n\t\t\t\t<\/div>\n\t\t\t\t\t<\/div>\n\t\t<\/div>\n\t\t\t\t\t<\/div>\n\t\t<\/section>\n\t\t\t\t<section class=\"elementor-section elementor-top-section elementor-element elementor-element-9a90db0 elementor-section-boxed elementor-section-height-default elementor-section-height-default\" data-id=\"9a90db0\" data-element_type=\"section\" data-e-type=\"section\">\n\t\t\t\t\t\t<div class=\"elementor-container elementor-column-gap-default\">\n\t\t\t\t\t<div class=\"elementor-column elementor-col-100 elementor-top-column elementor-element elementor-element-fb7db70\" data-id=\"fb7db70\" data-element_type=\"column\" data-e-type=\"column\">\n\t\t\t<div class=\"elementor-widget-wrap elementor-element-populated\">\n\t\t\t\t\t\t<div class=\"elementor-element elementor-element-8acc0c5 elementor-widget elementor-widget-text-editor\" data-id=\"8acc0c5\" data-element_type=\"widget\" data-e-type=\"widget\" data-widget_type=\"text-editor.default\">\n\t\t\t\t<div class=\"elementor-widget-container\">\n\t\t\t\t\t\t\t\t\t<p>Nous sommes un h\u00f4te certifi\u00e9 \u00ab&nbsp;Servicequalit\u00e4t Deutschland&nbsp;\u00bb et poss\u00e9dons la classification DEHOGA G***, qui a \u00e9t\u00e9 renouvel\u00e9e pour la derni\u00e8re fois en janvier&nbsp;2023. <br>Depuis&nbsp;2012, nous sommes reconnus comme un h\u00e9bergement adapt\u00e9 aux cyclistes avec la distinction \u00ab&nbsp;Bett + Bike&nbsp;\u00bb de l\u2019ADFC.<\/p>\t\t\t\t\t\t\t\t<\/div>\n\t\t\t\t<\/div>\n\t\t\t\t\t<\/div>\n\t\t<\/div>\n\t\t\t\t\t<\/div>\n\t\t<\/section>\n\t\t\t\t<\/div>\n\t\t","protected":false},"excerpt":{"rendered":"<p>Nous sommes un h\u00f4te certifi\u00e9 \u00ab&nbsp;Servicequalit\u00e4t Deutschland&nbsp;\u00bb et poss\u00e9dons la classification DEHOGA G***, qui a \u00e9t\u00e9 renouvel\u00e9e pour la derni\u00e8re fois en janvier&nbsp;2023. Depuis&nbsp;2012, nous sommes reconnus comme un h\u00e9bergement adapt\u00e9 aux cyclistes avec la distinction \u00ab&nbsp;Bett + Bike&nbsp;\u00bb de l\u2019ADFC.<\/p>\n","protected":false},"author":2,"featured_media":0,"parent":0,"menu_order":0,"comment_status":"closed","ping_status":"closed","template":"","meta":{"_acf_changed":false,"footnotes":""},"class_list":["post-6901","page","type-page","status-publish","hentry"],"acf":[],"_links":{"self":[{"href":"https:\/\/der-nassenhof.de\/fr\/wp-json\/wp\/v2\/pages\/6901","targetHints":{"allow":["GET"]}}],"collection":[{"href":"https:\/\/der-nassenhof.de\/fr\/wp-json\/wp\/v2\/pages"}],"about":[{"href":"https:\/\/der-nassenhof.de\/fr\/wp-json\/wp\/v2\/types\/page"}],"author":[{"embeddable":true,"href":"https:\/\/der-nassenhof.de\/fr\/wp-json\/wp\/v2\/users\/2"}],"replies":[{"embeddable":true,"href":"https:\/\/der-nassenhof.de\/fr\/wp-json\/wp\/v2\/comments?post=6901"}],"version-history":[{"count":1,"href":"https:\/\/der-nassenhof.de\/fr\/wp-json\/wp\/v2\/pages\/6901\/revisions"}],"predecessor-version":[{"id":6905,"href":"https:\/\/der-nassenhof.de\/fr\/wp-json\/wp\/v2\/pages\/6901\/revisions\/6905"}],"wp:attachment":[{"href":"https:\/\/der-nassenhof.de\/fr\/wp-json\/wp\/v2\/media?parent=6901"}],"curies":[{"name":"wp","href":"https:\/\/api.w.org\/{rel}","templated":true}]}}