{"id":6931,"date":"2022-05-16T14:26:05","date_gmt":"2022-05-16T12:26:05","guid":{"rendered":"https:\/\/der-nassenhof.de\/cgv\/"},"modified":"2025-12-19T13:44:36","modified_gmt":"2025-12-19T11:44:36","slug":"cgv","status":"publish","type":"page","link":"https:\/\/der-nassenhof.de\/fr\/cgv\/","title":{"rendered":"CGV"},"content":{"rendered":"\t\t<div data-elementor-type=\"wp-page\" data-elementor-id=\"6931\" class=\"elementor elementor-6931 elementor-578\" data-elementor-post-type=\"page\">\n\t\t\t\t\t\t<section class=\"elementor-section elementor-top-section elementor-element elementor-element-6844273 elementor-section-boxed elementor-section-height-default elementor-section-height-default\" data-id=\"6844273\" data-element_type=\"section\" data-e-type=\"section\">\n\t\t\t\t\t\t<div class=\"elementor-container elementor-column-gap-default\">\n\t\t\t\t\t<div class=\"elementor-column elementor-col-100 elementor-top-column elementor-element elementor-element-8acfcca\" data-id=\"8acfcca\" data-element_type=\"column\" data-e-type=\"column\">\n\t\t\t<div class=\"elementor-widget-wrap elementor-element-populated\">\n\t\t\t\t\t\t<div class=\"elementor-element elementor-element-bf988ca elementor-widget elementor-widget-text-editor\" data-id=\"bf988ca\" data-element_type=\"widget\" data-e-type=\"widget\" data-widget_type=\"text-editor.default\">\n\t\t\t\t<div class=\"elementor-widget-container\">\n\t\t\t\t\t\t\t\t\t<h5><strong>Informations importantes pour votre r\u00e9servation avant le voyage :<\/strong><\/h5><ul><li style=\"list-style-type: none;\"><ul><li>Nous tenons volontiers compte de vos souhaits. Toutefois, nous ne pouvons pas garantir la r\u00e9servation de num\u00e9ros de chambre sp\u00e9cifiques et celle-ci est accept\u00e9e \u00e0 titre purement facultatif. <\/li><li><strong>Arriv\u00e9e\/Check-in :<\/strong> de 14h00 \u00e0 19h00. <\/li><li><strong>D\u00e9part\/Check-out :<\/strong> Jusqu&rsquo;\u00e0 10h30. <\/li><li><strong>Annulation :<\/strong> Le contrat de r\u00e9servation est conclu avec la confirmation de r\u00e9servation des deux parties. Les modifications et annulations sont gratuites jusqu&rsquo;\u00e0 1 semaine avant l&rsquo;arriv\u00e9e. Dans la semaine pr\u00e9c\u00e9dant l&rsquo;arriv\u00e9e, nous facturons 80 % du prix de la chambre.  <\/li><li><strong>Paiement :<\/strong> Veuillez r\u00e9gler nos services le jour de votre d\u00e9part par carte EC ou carte de cr\u00e9dit au <strong>Venngasthof Zur Buche<\/strong> (m\u00eame en cas de nuit\u00e9e au Nassenhof). Les clients ayant r\u00e9serv\u00e9 via <em>Booking.com<\/em> ont d\u00e9j\u00e0 r\u00e9gl\u00e9 leur facture lors de la r\u00e9servation et peuvent laisser leur cl\u00e9 sur la porte de la chambre. Vous n&rsquo;avez pas besoin de vous rendre au <g id=\"gid_3\">Venngasthof Zur Buche<\/g>. Si vous avez r\u00e9serv\u00e9 un petit-d\u00e9jeuner suppl\u00e9mentaire, celui-ci devra \u00eatre pay\u00e9 au <g id=\"gid_4\">Venngasthof Zur Buche<\/g> avant votre d\u00e9part. Un acompte que vous avez vers\u00e9 \u00e0 l&rsquo;avance par virement bancaire sera bien entendu d\u00e9duit. Les conditions contractuelles h\u00f4teli\u00e8res de la DEHOGA<strong>.<\/strong> s&rsquo;appliquent.     <\/li><li><strong>Petit-d\u00e9jeuner :<\/strong> Vous pouvez le r\u00e9server lors de votre s\u00e9jour au <strong>Nassenhof<\/strong> pour 15,00 euros par personne et par jour. En semaine, vous avez la possibilit\u00e9 de prendre votre petit-d\u00e9jeuner de 8h00 \u00e0 10h00 et le samedi et le dimanche jusqu&rsquo;\u00e0 11h00 dans notre salle \u00e0 manger au <g id=\"gid_2\">Venngasthof Zur Buche <\/g>(Im Brand 39). Pour nos clients de l&rsquo;h\u00f4tel qui travaillent, nous pr\u00e9parons volontiers le petit-d\u00e9jeuner sur demande \u00e0 partir de 07h00.   <\/li><li><strong>Chiens :<\/strong> Sont les bienvenus SUR DEMANDE chez nous. Pour un s\u00e9jour jusqu&rsquo;\u00e0 2 nuits, nous facturons un forfait de 15,- euros pour les frais suppl\u00e9mentaires de nettoyage. \u00c0 partir du 3e jour, nous facturons 5,- \u20ac\/jour suppl\u00e9mentaires. Les chiens ne sont pas autoris\u00e9s dans le lit. En cas de non-respect et de salissures importantes du linge de lit, nous nous r\u00e9servons le droit de facturer un suppl\u00e9ment sp\u00e9cial.    <\/li><li><strong>Acc\u00e8s Internet :<\/strong> par WLAN \u2013 gratuit.<\/li><li><strong>Parkings :<\/strong> Un nombre suffisant de places de parking gratuites sont \u00e0 la disposition de nos clients \u00e0 la maison.<\/li><li><strong>Non-fumeur :<\/strong><br>Il est interdit de fumer dans tout le b\u00e2timent. Y compris toutes les chambres d&rsquo;h\u00f4tel. Nous vous prions de bien vouloir en tenir compte.  <\/li><li><strong>Garage \u00e0 v\u00e9los :<\/strong> Un garage \u00e0 v\u00e9los verrouillable est mis gratuitement \u00e0 la disposition de nos clients de l&rsquo;h\u00f4tel. Les batteries des v\u00e9los \u00e9lectriques peuvent \u00e9galement y \u00eatre recharg\u00e9es. Veuillez ne pas le faire dans la chambre !  <\/li><\/ul><\/li><\/ul><p>Le contrat d&rsquo;h\u00e9bergement (contrat de location) est consid\u00e9r\u00e9 comme conclu lorsque la chambre a \u00e9t\u00e9 promise ou, si une promesse n&rsquo;\u00e9tait plus possible pour des raisons de temps, a \u00e9t\u00e9 mise \u00e0 disposition. La conclusion du contrat d&rsquo;h\u00e9bergement (contrat de location) oblige les parties contractantes \u00e0 ex\u00e9cuter le contrat, quelle que soit la dur\u00e9e pour laquelle le contrat a \u00e9t\u00e9 conclu. Le contrat ne peut pas \u00eatre r\u00e9sili\u00e9 unilat\u00e9ralement. Les dates de tentative ou d&rsquo;option sont contraignantes pour les deux parties contractantes. Le Venngasthof \u00ab Zur Buche \u00bb, propri\u00e9taire Axel Steffens, se r\u00e9serve le droit, apr\u00e8s l&rsquo;expiration des dates de tentative ou d&rsquo;option, de louer les chambres r\u00e9serv\u00e9es \u00e0 d&rsquo;autres personnes. Les chambres r\u00e9serv\u00e9es sont \u00e0 la disposition du client de 14 heures le jour de l&rsquo;arriv\u00e9e \u00e0 10h30 le jour du d\u00e9part. Si, pour quelque raison que ce soit, les chambres convenues ne sont pas disponibles, le Venngasthof \u00ab Zur Buche \u00bb, propri\u00e9taire Axel Steffens, doit veiller \u00e0 fournir un remplacement \u00e9quivalent, m\u00eame en dehors de l&rsquo;\u00e9tablissement, dans la mesure o\u00f9 cela est raisonnable.      <\/p>\t\t\t\t\t\t\t\t<\/div>\n\t\t\t\t<\/div>\n\t\t\t\t\t<\/div>\n\t\t<\/div>\n\t\t\t\t\t<\/div>\n\t\t<\/section>\n\t\t\t\t<\/div>\n\t\t","protected":false},"excerpt":{"rendered":"<p>Informations importantes pour votre r\u00e9servation avant le voyage : Nous tenons volontiers compte de vos souhaits. Toutefois, nous ne pouvons pas garantir la r\u00e9servation de num\u00e9ros de chambre sp\u00e9cifiques et celle-ci est accept\u00e9e \u00e0 titre purement facultatif. Arriv\u00e9e\/Check-in : de 14h00 \u00e0 19h00. D\u00e9part\/Check-out : Jusqu&rsquo;\u00e0 10h30. Annulation : Le contrat de r\u00e9servation est conclu [&hellip;]<\/p>\n","protected":false},"author":2,"featured_media":0,"parent":0,"menu_order":0,"comment_status":"closed","ping_status":"closed","template":"elementor_theme","meta":{"_acf_changed":false,"footnotes":""},"class_list":["post-6931","page","type-page","status-publish","hentry"],"acf":[],"_links":{"self":[{"href":"https:\/\/der-nassenhof.de\/fr\/wp-json\/wp\/v2\/pages\/6931","targetHints":{"allow":["GET"]}}],"collection":[{"href":"https:\/\/der-nassenhof.de\/fr\/wp-json\/wp\/v2\/pages"}],"about":[{"href":"https:\/\/der-nassenhof.de\/fr\/wp-json\/wp\/v2\/types\/page"}],"author":[{"embeddable":true,"href":"https:\/\/der-nassenhof.de\/fr\/wp-json\/wp\/v2\/users\/2"}],"replies":[{"embeddable":true,"href":"https:\/\/der-nassenhof.de\/fr\/wp-json\/wp\/v2\/comments?post=6931"}],"version-history":[{"count":4,"href":"https:\/\/der-nassenhof.de\/fr\/wp-json\/wp\/v2\/pages\/6931\/revisions"}],"predecessor-version":[{"id":7421,"href":"https:\/\/der-nassenhof.de\/fr\/wp-json\/wp\/v2\/pages\/6931\/revisions\/7421"}],"wp:attachment":[{"href":"https:\/\/der-nassenhof.de\/fr\/wp-json\/wp\/v2\/media?parent=6931"}],"curies":[{"name":"wp","href":"https:\/\/api.w.org\/{rel}","templated":true}]}}