{"id":6994,"date":"2018-09-17T04:07:09","date_gmt":"2018-09-17T02:07:09","guid":{"rendered":"https:\/\/der-nassenhof.de\/actualites\/"},"modified":"2025-11-14T14:06:25","modified_gmt":"2025-11-14T12:06:25","slug":"actualites","status":"publish","type":"page","link":"https:\/\/der-nassenhof.de\/fr\/actualites\/","title":{"rendered":"Actualit\u00e9s"},"content":{"rendered":"\t\t<div data-elementor-type=\"wp-page\" data-elementor-id=\"6994\" class=\"elementor elementor-6994 elementor-16\" data-elementor-post-type=\"page\">\n\t\t\t\t\t\t<section class=\"elementor-section elementor-top-section elementor-element elementor-element-51ef2ee elementor-section-boxed elementor-section-height-default elementor-section-height-default\" data-id=\"51ef2ee\" data-element_type=\"section\" data-e-type=\"section\">\n\t\t\t\t\t\t<div class=\"elementor-container elementor-column-gap-default\">\n\t\t\t\t\t<div class=\"elementor-column elementor-col-100 elementor-top-column elementor-element elementor-element-ea6d73c\" data-id=\"ea6d73c\" data-element_type=\"column\" data-e-type=\"column\">\n\t\t\t<div class=\"elementor-widget-wrap elementor-element-populated\">\n\t\t\t\t\t\t<div class=\"elementor-element elementor-element-46bacf5 elementor-grid-3 elementor-grid-tablet-2 elementor-grid-mobile-1 elementor-posts--thumbnail-top elementor-posts--show-avatar elementor-card-shadow-yes elementor-posts__hover-gradient elementor-widget elementor-widget-posts\" data-id=\"46bacf5\" data-element_type=\"widget\" data-e-type=\"widget\" data-settings=\"{&quot;cards_columns&quot;:&quot;3&quot;,&quot;cards_columns_tablet&quot;:&quot;2&quot;,&quot;cards_columns_mobile&quot;:&quot;1&quot;,&quot;cards_row_gap&quot;:{&quot;unit&quot;:&quot;px&quot;,&quot;size&quot;:35,&quot;sizes&quot;:[]},&quot;cards_row_gap_tablet&quot;:{&quot;unit&quot;:&quot;px&quot;,&quot;size&quot;:&quot;&quot;,&quot;sizes&quot;:[]},&quot;cards_row_gap_mobile&quot;:{&quot;unit&quot;:&quot;px&quot;,&quot;size&quot;:&quot;&quot;,&quot;sizes&quot;:[]}}\" data-widget_type=\"posts.cards\">\n\t\t\t\t<div class=\"elementor-widget-container\">\n\t\t\t\t\t\t\t<div class=\"elementor-posts-container elementor-posts elementor-posts--skin-cards elementor-grid\" role=\"list\">\n\t\t\t\t<article class=\"elementor-post elementor-grid-item post-7674 post type-post status-publish format-standard has-post-thumbnail hentry category-unkategorisiert\" role=\"listitem\">\n\t\t\t<div class=\"elementor-post__card\">\n\t\t\t\t<a class=\"elementor-post__thumbnail__link\" href=\"https:\/\/der-nassenhof.de\/fr\/carte-du-jour-asperges-2026\/\" tabindex=\"-1\" ><div class=\"elementor-post__thumbnail\"><img fetchpriority=\"high\" decoding=\"async\" width=\"1280\" height=\"1280\" src=\"https:\/\/der-nassenhof.de\/wp-content\/uploads\/2022\/05\/Spargel.jpg\" class=\"attachment-full size-full wp-image-6820\" alt=\"\" srcset=\"https:\/\/der-nassenhof.de\/wp-content\/uploads\/2022\/05\/Spargel.jpg 1280w, https:\/\/der-nassenhof.de\/wp-content\/uploads\/2022\/05\/Spargel-300x300.jpg 300w, https:\/\/der-nassenhof.de\/wp-content\/uploads\/2022\/05\/Spargel-1024x1024.jpg 1024w, https:\/\/der-nassenhof.de\/wp-content\/uploads\/2022\/05\/Spargel-150x150.jpg 150w, https:\/\/der-nassenhof.de\/wp-content\/uploads\/2022\/05\/Spargel-768x768.jpg 768w\" sizes=\"(max-width: 1280px) 100vw, 1280px\" \/><\/div><\/a>\n\t\t\t\t<div class=\"elementor-post__avatar\">\n\t\t\t<img alt='Gianna Kern' src='https:\/\/secure.gravatar.com\/avatar\/3f7bb8a5ca59dd4a0f7881281ffd764813db630dd2530d3153877bb0b06f33ea?s=128&#038;d=mm&#038;r=g' srcset='https:\/\/secure.gravatar.com\/avatar\/3f7bb8a5ca59dd4a0f7881281ffd764813db630dd2530d3153877bb0b06f33ea?s=256&#038;d=mm&#038;r=g 2x' class='avatar avatar-128 photo' height='128' width='128' \/>\t\t<\/div>\n\t\t\t\t<div class=\"elementor-post__text\">\n\t\t\t\t<h3 class=\"elementor-post__title\">\n\t\t\t<a href=\"https:\/\/der-nassenhof.de\/fr\/carte-du-jour-asperges-2026\/\" >\n\t\t\t\tCarte du jour \u00ab Asperges \u00bb 2026\t\t\t<\/a>\n\t\t<\/h3>\n\t\t\t\t<div class=\"elementor-post__excerpt\">\n\t\t\t<p>Vous trouverez ici notre menu du jour actuel \u00e0 t\u00e9l\u00e9charger.<\/p>\n\t\t<\/div>\n\t\t\n\t\t<a class=\"elementor-post__read-more\" href=\"https:\/\/der-nassenhof.de\/fr\/carte-du-jour-asperges-2026\/\" aria-label=\"En savoir plus sur Carte du jour \u00ab Asperges \u00bb 2026\" tabindex=\"-1\" >\n\t\t\tLire la suite \u00bb\t\t<\/a>\n\n\t\t\t\t<\/div>\n\t\t\t\t<div class=\"elementor-post__meta-data\">\n\t\t\t\t\t<span class=\"elementor-post-date\">\n\t\t\t16 avril 2026\t\t<\/span>\n\t\t\t\t<\/div>\n\t\t\t\t\t<\/div>\n\t\t<\/article>\n\t\t\t\t<article class=\"elementor-post elementor-grid-item post-7606 post type-post status-publish format-standard has-post-thumbnail hentry category-non-classe\" role=\"listitem\">\n\t\t\t<div class=\"elementor-post__card\">\n\t\t\t\t<a class=\"elementor-post__thumbnail__link\" href=\"https:\/\/der-nassenhof.de\/fr\/horaires-douverture-dete-restaurant-zur-buche\/\" tabindex=\"-1\" ><div class=\"elementor-post__thumbnail\"><img decoding=\"async\" width=\"2048\" height=\"1536\" src=\"https:\/\/der-nassenhof.de\/wp-content\/uploads\/2026\/03\/IMG-20250823-WA0065.jpg\" class=\"attachment-full size-full wp-image-7615\" alt=\"\" srcset=\"https:\/\/der-nassenhof.de\/wp-content\/uploads\/2026\/03\/IMG-20250823-WA0065.jpg 2048w, https:\/\/der-nassenhof.de\/wp-content\/uploads\/2026\/03\/IMG-20250823-WA0065-300x225.jpg 300w, https:\/\/der-nassenhof.de\/wp-content\/uploads\/2026\/03\/IMG-20250823-WA0065-1024x768.jpg 1024w, https:\/\/der-nassenhof.de\/wp-content\/uploads\/2026\/03\/IMG-20250823-WA0065-768x576.jpg 768w, https:\/\/der-nassenhof.de\/wp-content\/uploads\/2026\/03\/IMG-20250823-WA0065-1536x1152.jpg 1536w\" sizes=\"(max-width: 2048px) 100vw, 2048px\" \/><\/div><\/a>\n\t\t\t\t<div class=\"elementor-post__avatar\">\n\t\t\t<img alt='Gianna Kern' src='https:\/\/secure.gravatar.com\/avatar\/3f7bb8a5ca59dd4a0f7881281ffd764813db630dd2530d3153877bb0b06f33ea?s=128&#038;d=mm&#038;r=g' srcset='https:\/\/secure.gravatar.com\/avatar\/3f7bb8a5ca59dd4a0f7881281ffd764813db630dd2530d3153877bb0b06f33ea?s=256&#038;d=mm&#038;r=g 2x' class='avatar avatar-128 photo' height='128' width='128' \/>\t\t<\/div>\n\t\t\t\t<div class=\"elementor-post__text\">\n\t\t\t\t<h3 class=\"elementor-post__title\">\n\t\t\t<a href=\"https:\/\/der-nassenhof.de\/fr\/horaires-douverture-dete-restaurant-zur-buche\/\" >\n\t\t\t\tHoraires douverture d\u00e9t\u00e9 \u00ab Restaurant Zur Buche \u00bb\t\t\t<\/a>\n\t\t<\/h3>\n\t\t\t\t<div class=\"elementor-post__excerpt\">\n\t\t\t<p>L\u00e9t\u00e9 approche \u00e0 grands pas et avec lui nos nouveaux horaires d\u2019ouverture estivaux pour notrerestaurant Zur Buche Ouvert 7 jours sur 7 \u2013 Du 30<\/p>\n\t\t<\/div>\n\t\t\n\t\t<a class=\"elementor-post__read-more\" href=\"https:\/\/der-nassenhof.de\/fr\/horaires-douverture-dete-restaurant-zur-buche\/\" aria-label=\"En savoir plus sur Horaires douverture d\u00e9t\u00e9 \u00ab Restaurant Zur Buche \u00bb\" tabindex=\"-1\" >\n\t\t\tLire la suite \u00bb\t\t<\/a>\n\n\t\t\t\t<\/div>\n\t\t\t\t<div class=\"elementor-post__meta-data\">\n\t\t\t\t\t<span class=\"elementor-post-date\">\n\t\t\t16 mars 2026\t\t<\/span>\n\t\t\t\t<\/div>\n\t\t\t\t\t<\/div>\n\t\t<\/article>\n\t\t\t\t<article class=\"elementor-post elementor-grid-item post-7546 post type-post status-publish format-standard has-post-thumbnail hentry category-non-classe\" role=\"listitem\">\n\t\t\t<div class=\"elementor-post__card\">\n\t\t\t\t<a class=\"elementor-post__thumbnail__link\" href=\"https:\/\/der-nassenhof.de\/fr\/carte-du-jour-ail-des-ours-2026\/\" tabindex=\"-1\" ><div class=\"elementor-post__thumbnail\"><img decoding=\"async\" width=\"1536\" height=\"2048\" src=\"https:\/\/der-nassenhof.de\/wp-content\/uploads\/2026\/03\/IMG_3184.jpeg\" class=\"attachment-full size-full wp-image-7558\" alt=\"\" srcset=\"https:\/\/der-nassenhof.de\/wp-content\/uploads\/2026\/03\/IMG_3184.jpeg 1536w, https:\/\/der-nassenhof.de\/wp-content\/uploads\/2026\/03\/IMG_3184-225x300.jpeg 225w, https:\/\/der-nassenhof.de\/wp-content\/uploads\/2026\/03\/IMG_3184-768x1024.jpeg 768w, https:\/\/der-nassenhof.de\/wp-content\/uploads\/2026\/03\/IMG_3184-1152x1536.jpeg 1152w\" sizes=\"(max-width: 1536px) 100vw, 1536px\" \/><\/div><\/a>\n\t\t\t\t<div class=\"elementor-post__avatar\">\n\t\t\t<img alt='Gianna Kern' src='https:\/\/secure.gravatar.com\/avatar\/3f7bb8a5ca59dd4a0f7881281ffd764813db630dd2530d3153877bb0b06f33ea?s=128&#038;d=mm&#038;r=g' srcset='https:\/\/secure.gravatar.com\/avatar\/3f7bb8a5ca59dd4a0f7881281ffd764813db630dd2530d3153877bb0b06f33ea?s=256&#038;d=mm&#038;r=g 2x' class='avatar avatar-128 photo' height='128' width='128' \/>\t\t<\/div>\n\t\t\t\t<div class=\"elementor-post__text\">\n\t\t\t\t<h3 class=\"elementor-post__title\">\n\t\t\t<a href=\"https:\/\/der-nassenhof.de\/fr\/carte-du-jour-ail-des-ours-2026\/\" >\n\t\t\t\tCarte du jour \u00ab Ail des ours \u00bb 2026\t\t\t<\/a>\n\t\t<\/h3>\n\t\t\t\t<div class=\"elementor-post__excerpt\">\n\t\t\t<p>Hier finden Sie unsere aktuelle Tageskarte zum Download.<\/p>\n\t\t<\/div>\n\t\t\n\t\t<a class=\"elementor-post__read-more\" href=\"https:\/\/der-nassenhof.de\/fr\/carte-du-jour-ail-des-ours-2026\/\" aria-label=\"En savoir plus sur Carte du jour \u00ab Ail des ours \u00bb 2026\" tabindex=\"-1\" >\n\t\t\tLire la suite \u00bb\t\t<\/a>\n\n\t\t\t\t<\/div>\n\t\t\t\t<div class=\"elementor-post__meta-data\">\n\t\t\t\t\t<span class=\"elementor-post-date\">\n\t\t\t16 mars 2026\t\t<\/span>\n\t\t\t\t<\/div>\n\t\t\t\t\t<\/div>\n\t\t<\/article>\n\t\t\t\t<article class=\"elementor-post elementor-grid-item post-6640 post type-post status-publish format-standard has-post-thumbnail hentry category-non-categorise\" role=\"listitem\">\n\t\t\t<div class=\"elementor-post__card\">\n\t\t\t\t<a class=\"elementor-post__thumbnail__link\" href=\"https:\/\/der-nassenhof.de\/fr\/menu-du-jour-semaines-sauvages-2025\/\" tabindex=\"-1\" ><div class=\"elementor-post__thumbnail\"><img loading=\"lazy\" decoding=\"async\" width=\"500\" height=\"500\" src=\"https:\/\/der-nassenhof.de\/wp-content\/uploads\/2025\/11\/Hirschgulasch.jpg\" class=\"attachment-full size-full wp-image-6642\" alt=\"\" srcset=\"https:\/\/der-nassenhof.de\/wp-content\/uploads\/2025\/11\/Hirschgulasch.jpg 500w, https:\/\/der-nassenhof.de\/wp-content\/uploads\/2025\/11\/Hirschgulasch-300x300.jpg 300w, https:\/\/der-nassenhof.de\/wp-content\/uploads\/2025\/11\/Hirschgulasch-150x150.jpg 150w\" sizes=\"(max-width: 500px) 100vw, 500px\" \/><\/div><\/a>\n\t\t\t\t<div class=\"elementor-post__avatar\">\n\t\t\t<img alt='Axel Steffens' src='https:\/\/secure.gravatar.com\/avatar\/6bfbc26daf5952269c0c304c3e428f032f7ef3761ce2128855e9c3081667e4c4?s=128&#038;d=mm&#038;r=g' srcset='https:\/\/secure.gravatar.com\/avatar\/6bfbc26daf5952269c0c304c3e428f032f7ef3761ce2128855e9c3081667e4c4?s=256&#038;d=mm&#038;r=g 2x' class='avatar avatar-128 photo' height='128' width='128' \/>\t\t<\/div>\n\t\t\t\t<div class=\"elementor-post__text\">\n\t\t\t\t<h3 class=\"elementor-post__title\">\n\t\t\t<a href=\"https:\/\/der-nassenhof.de\/fr\/menu-du-jour-semaines-sauvages-2025\/\" >\n\t\t\t\tMenu du jour \u00ab&nbsp;semaines sauvages&nbsp;\u00bb 2025\t\t\t<\/a>\n\t\t<\/h3>\n\t\t\t\t<div class=\"elementor-post__excerpt\">\n\t\t\t<p>Vous trouverez ici notre menu du jour actuel \u00e0 t\u00e9l\u00e9charger.<\/p>\n\t\t<\/div>\n\t\t\n\t\t<a class=\"elementor-post__read-more\" href=\"https:\/\/der-nassenhof.de\/fr\/menu-du-jour-semaines-sauvages-2025\/\" aria-label=\"En savoir plus sur Menu du jour \u00ab&nbsp;semaines sauvages&nbsp;\u00bb 2025\" tabindex=\"-1\" >\n\t\t\tLire la suite \u00bb\t\t<\/a>\n\n\t\t\t\t<\/div>\n\t\t\t\t<div class=\"elementor-post__meta-data\">\n\t\t\t\t\t<span class=\"elementor-post-date\">\n\t\t\t7 novembre 2025\t\t<\/span>\n\t\t\t\t<\/div>\n\t\t\t\t\t<\/div>\n\t\t<\/article>\n\t\t\t\t<article class=\"elementor-post elementor-grid-item post-6779 post type-post status-publish format-standard has-post-thumbnail hentry category-non-classe\" role=\"listitem\">\n\t\t\t<div class=\"elementor-post__card\">\n\t\t\t\t<a class=\"elementor-post__thumbnail__link\" href=\"https:\/\/der-nassenhof.de\/fr\/taxe-de-sejour-de-la-ville-de-monschau-a-partir-de-2026\/\" tabindex=\"-1\" ><div class=\"elementor-post__thumbnail\"><img loading=\"lazy\" decoding=\"async\" width=\"1107\" height=\"1600\" src=\"https:\/\/der-nassenhof.de\/wp-content\/uploads\/2025\/08\/Gesamtlogo.jpg\" class=\"attachment-full size-full wp-image-6782\" alt=\"\" srcset=\"https:\/\/der-nassenhof.de\/wp-content\/uploads\/2025\/08\/Gesamtlogo.jpg 1107w, https:\/\/der-nassenhof.de\/wp-content\/uploads\/2025\/08\/Gesamtlogo-208x300.jpg 208w, https:\/\/der-nassenhof.de\/wp-content\/uploads\/2025\/08\/Gesamtlogo-708x1024.jpg 708w, https:\/\/der-nassenhof.de\/wp-content\/uploads\/2025\/08\/Gesamtlogo-768x1110.jpg 768w, https:\/\/der-nassenhof.de\/wp-content\/uploads\/2025\/08\/Gesamtlogo-1063x1536.jpg 1063w\" sizes=\"(max-width: 1107px) 100vw, 1107px\" \/><\/div><\/a>\n\t\t\t\t<div class=\"elementor-post__avatar\">\n\t\t\t<img alt='Axel Steffens' src='https:\/\/secure.gravatar.com\/avatar\/6bfbc26daf5952269c0c304c3e428f032f7ef3761ce2128855e9c3081667e4c4?s=128&#038;d=mm&#038;r=g' srcset='https:\/\/secure.gravatar.com\/avatar\/6bfbc26daf5952269c0c304c3e428f032f7ef3761ce2128855e9c3081667e4c4?s=256&#038;d=mm&#038;r=g 2x' class='avatar avatar-128 photo' height='128' width='128' \/>\t\t<\/div>\n\t\t\t\t<div class=\"elementor-post__text\">\n\t\t\t\t<h3 class=\"elementor-post__title\">\n\t\t\t<a href=\"https:\/\/der-nassenhof.de\/fr\/taxe-de-sejour-de-la-ville-de-monschau-a-partir-de-2026\/\" >\n\t\t\t\tTaxe de s\u00e9jour de la ville de Monschau \u00e0 partir de 2026\t\t\t<\/a>\n\t\t<\/h3>\n\t\t\t\t<div class=\"elementor-post__excerpt\">\n\t\t\t<p>La ville de Monschau introduira une taxe de s\u00e9jour de 2,50 \u20ac par personne et par jour \u00e0 partir de 2026. Celle-ci sera factur\u00e9e au<\/p>\n\t\t<\/div>\n\t\t\n\t\t<a class=\"elementor-post__read-more\" href=\"https:\/\/der-nassenhof.de\/fr\/taxe-de-sejour-de-la-ville-de-monschau-a-partir-de-2026\/\" aria-label=\"En savoir plus sur Taxe de s\u00e9jour de la ville de Monschau \u00e0 partir de 2026\" tabindex=\"-1\" >\n\t\t\tLire la suite \u00bb\t\t<\/a>\n\n\t\t\t\t<\/div>\n\t\t\t\t<div class=\"elementor-post__meta-data\">\n\t\t\t\t\t<span class=\"elementor-post-date\">\n\t\t\t5 mai 2025\t\t<\/span>\n\t\t\t\t<\/div>\n\t\t\t\t\t<\/div>\n\t\t<\/article>\n\t\t\t\t<\/div>\n\t\t\n\t\t\t\t\t\t<\/div>\n\t\t\t\t<\/div>\n\t\t\t\t\t<\/div>\n\t\t<\/div>\n\t\t\t\t\t<\/div>\n\t\t<\/section>\n\t\t\t\t<\/div>\n\t\t","protected":false},"excerpt":{"rendered":"","protected":false},"author":2,"featured_media":0,"parent":0,"menu_order":0,"comment_status":"closed","ping_status":"closed","template":"","meta":{"_acf_changed":false,"footnotes":""},"class_list":["post-6994","page","type-page","status-publish","hentry"],"acf":[],"_links":{"self":[{"href":"https:\/\/der-nassenhof.de\/fr\/wp-json\/wp\/v2\/pages\/6994","targetHints":{"allow":["GET"]}}],"collection":[{"href":"https:\/\/der-nassenhof.de\/fr\/wp-json\/wp\/v2\/pages"}],"about":[{"href":"https:\/\/der-nassenhof.de\/fr\/wp-json\/wp\/v2\/types\/page"}],"author":[{"embeddable":true,"href":"https:\/\/der-nassenhof.de\/fr\/wp-json\/wp\/v2\/users\/2"}],"replies":[{"embeddable":true,"href":"https:\/\/der-nassenhof.de\/fr\/wp-json\/wp\/v2\/comments?post=6994"}],"version-history":[{"count":1,"href":"https:\/\/der-nassenhof.de\/fr\/wp-json\/wp\/v2\/pages\/6994\/revisions"}],"predecessor-version":[{"id":6999,"href":"https:\/\/der-nassenhof.de\/fr\/wp-json\/wp\/v2\/pages\/6994\/revisions\/6999"}],"wp:attachment":[{"href":"https:\/\/der-nassenhof.de\/fr\/wp-json\/wp\/v2\/media?parent=6994"}],"curies":[{"name":"wp","href":"https:\/\/api.w.org\/{rel}","templated":true}]}}