{"id":6916,"date":"2022-05-18T06:46:10","date_gmt":"2022-05-18T04:46:10","guid":{"rendered":"https:\/\/der-nassenhof.de\/omgeving-activiteiten\/"},"modified":"2025-11-14T14:05:53","modified_gmt":"2025-11-14T12:05:53","slug":"omgeving-activiteiten","status":"publish","type":"page","link":"https:\/\/der-nassenhof.de\/nl\/omgeving-activiteiten\/","title":{"rendered":"Omgeving &amp; Activiteiten"},"content":{"rendered":"\t\t<div data-elementor-type=\"wp-page\" data-elementor-id=\"6916\" class=\"elementor elementor-6916 elementor-712\" data-elementor-post-type=\"page\">\n\t\t\t\t\t\t<section class=\"elementor-section elementor-top-section elementor-element elementor-element-3a9766c elementor-section-boxed elementor-section-height-default elementor-section-height-default\" data-id=\"3a9766c\" data-element_type=\"section\" data-e-type=\"section\">\n\t\t\t\t\t\t<div class=\"elementor-container elementor-column-gap-default\">\n\t\t\t\t\t<div class=\"elementor-column elementor-col-100 elementor-top-column elementor-element elementor-element-08c5b00\" data-id=\"08c5b00\" data-element_type=\"column\" data-e-type=\"column\">\n\t\t\t<div class=\"elementor-widget-wrap elementor-element-populated\">\n\t\t\t\t\t\t<div class=\"elementor-element elementor-element-9d7df56 elementor-widget elementor-widget-text-editor\" data-id=\"9d7df56\" data-element_type=\"widget\" data-e-type=\"widget\" data-widget_type=\"text-editor.default\">\n\t\t\t\t<div class=\"elementor-widget-container\">\n\t\t\t\t\t\t\t\t\t<p>De Venngasthof Zur Buche ligt op ongeveer 4,5 kilometer van het centrum van het kuuroord Monschau. De <g id=\"gid_0\"><g id=\"gid_1\">Eifelsteig<\/g><\/g> (2e etappe \u201cRoetgen-Monschau\u201d) bereikt u vanaf onze 3-sterren-gasthof (DEHOGA-onderscheiding van februari 2011, vernieuwing 2020) op ongeveer 300 meter afstand. De <g id=\"gid_2\"><g id=\"gid_3\">Eifelsteig<\/g><\/g> zelf behoort tot de \u201c10 Top-Trails of Germany\u201d. Hier combineert maximaal wandelplezier in een afwisselend landschap met de beste gastvrijheid.   <\/p><p>Ons huis ligt op ca. 2,5 km van de nieuwe <a href=\"http:\/\/de.wikipedia.org\/wiki\/Vennbahn_(Radweg)\"><strong>RAVeL-route<\/strong><\/a> (Vennbahn-route van Aken naar Luxemburg).<\/p><p>De <a href=\"http:\/\/www.monschau.de\"><strong>stad Monschau<\/strong><\/a> is D\u00c9 toeristische bestemming nummer \u00e9\u00e9n in de Eifel.<\/p><p>De historische <a href=\"http:\/\/www.monschau.de\"><strong>oude stad van Monschau<\/strong><\/a> lokt met talloze culturele indrukken, of musea zoals het <strong><a href=\"http:\/\/de.wikipedia.org\/wiki\/Rotes_Haus_(Monschau)\">Rode Huis<\/a><\/strong> (huis van een lakenfabrikant), het <a href=\"https:\/\/www.kuk-monschau.de\/\"><strong>Kunst- en Cultuurcentrum Monschau<\/strong><\/a> in het voormalige belastingkantoor van de stad Monschau, de <a href=\"https:\/\/www.senfmuehle.de\/start\/Senfmuehle\/index.html?cl=senf\"><strong>historische Mosterdmolen<\/strong><\/a> in Monschau of het <strong><a href=\"http:\/\/www.druckereimuseum-weiss.de\">Drukmuseum<\/a><\/strong> in Imgenbroich of het <a href=\"http:\/\/de.wikipedia.org\/wiki\/Burg_Monschau\"><strong>historische kasteel<\/strong><\/a> (hier vindt jaarlijks midden in de zomer het evenement \u201c<a href=\"http:\/\/www.monschau-klassik.de\/\"><strong>Monschau-Klassik<\/strong>\u201d<\/a> plaats) met de tegenoverliggende kasteelru\u00efne \u201cHaller\u201d. Het kasteel zelf is te voet bereikbaar, maar kan ook heel gemakkelijk met de <a href=\"http:\/\/www.jansen-kell.de\"><strong>Monschauer Stadtbahn<\/strong><\/a> worden bereikt.<\/p><p><a href=\"http:\/\/www.monschau.de\/de\/erleben\/stadtfuehrungen-touren\/\"><strong>Stadswandelingen<\/strong><\/a> en <a href=\"http:\/\/de.wikipedia.org\/wiki\/Hohes_Venn\"><strong>rondleidingen door de Hoge Venen<\/strong> <\/a>kunt u direct bij ons in huis boeken.<\/p><p>Vermeldenswaard is ook de <a href=\"http:\/\/www.monschau-weihnachtsmarkt.de\/de\/startseite.html\"><strong>kerstmarkt van Monschau<\/strong><\/a>, die tot de mooiste historische kerstmarkten van heel Duitsland behoort. Bezoek de kerstmarkt van Monschau in een van de vier adventsweekenden. Let op onze speciale aanbiedingen voor de kerstperiode.  <\/p><p>De <strong><a href=\"http:\/\/www.naturpark-hohesvenn-eifel.de\">Hoge Venen<\/a><\/strong>: Het is een van de grootste natuurreservaten van heel Duitsland. De Hoge Venen bestaan bijna uitsluitend uit dichtbebost heideland, diepe veengebieden en loofbossen. Hier treft u een diverse dierenwereld aan met menig zeldzame soort. In de <g id=\"gid_2\">Hoge Venen<\/g> worden tal van bewegwijzerde bospaden onderhouden, die deels over de \u2013 voor de Venen typische \u2013 houten vlonders lopen. De toegang tot de Hoge Venen is op ca. 300 m van ons huis.    <\/p><p>Het oogstdankfeest in <a href=\"http:\/\/www.muetzenich.net\"><strong>M\u00fctzenich<\/strong><\/a> (eerste weekend van oktober), al lang bekend als een bijzondere attractie in het Monschauer Land, krijgt nu ook landelijke aandacht (doorgaans ontvangt M\u00fctzenich dit weekend ongeveer 6000 bezoekers). De hoogste verheffing van M\u00fctzenich is de Stehling (659 meter boven zeeniveau). Bezoek ook \u2013 in de directe omgeving \u2013 <a href=\"http:\/\/de.wikipedia.org\/wiki\/M%C3%BCtzenich_%28Monschau%29\"><strong>Kaiser Karls Bettstatt<\/strong><\/a> (volgens de legende heeft keizer Karel op deze grote Vennsteen overnacht).  <\/p><p>In het centrum van M\u00fctzenich vindt u \u2013 nabij de kerk \u2013 het dorpsmuseum <a href=\"http:\/\/www.heimatverein-muetzenich.de\"><strong>\u201cUralt Scholl\u201d<\/strong><\/a> (=oeroude school), waar u zich kunt informeren over het plattelandsleven in M\u00fctzenich van de generaties die hier voor ons leefden.<\/p>\t\t\t\t\t\t\t\t<\/div>\n\t\t\t\t<\/div>\n\t\t\t\t\t<\/div>\n\t\t<\/div>\n\t\t\t\t\t<\/div>\n\t\t<\/section>\n\t\t\t\t<\/div>\n\t\t","protected":false},"excerpt":{"rendered":"<p>De Venngasthof Zur Buche ligt op ongeveer 4,5 kilometer van het centrum van het kuuroord Monschau. De Eifelsteig (2e etappe \u201cRoetgen-Monschau\u201d) bereikt u vanaf onze 3-sterren-gasthof (DEHOGA-onderscheiding van februari 2011, vernieuwing 2020) op ongeveer 300 meter afstand. De Eifelsteig zelf behoort tot de \u201c10 Top-Trails of Germany\u201d. Hier combineert maximaal wandelplezier in een afwisselend landschap [&hellip;]<\/p>\n","protected":false},"author":2,"featured_media":0,"parent":0,"menu_order":0,"comment_status":"closed","ping_status":"closed","template":"","meta":{"_acf_changed":false,"footnotes":""},"class_list":["post-6916","page","type-page","status-publish","hentry"],"acf":[],"_links":{"self":[{"href":"https:\/\/der-nassenhof.de\/nl\/wp-json\/wp\/v2\/pages\/6916","targetHints":{"allow":["GET"]}}],"collection":[{"href":"https:\/\/der-nassenhof.de\/nl\/wp-json\/wp\/v2\/pages"}],"about":[{"href":"https:\/\/der-nassenhof.de\/nl\/wp-json\/wp\/v2\/types\/page"}],"author":[{"embeddable":true,"href":"https:\/\/der-nassenhof.de\/nl\/wp-json\/wp\/v2\/users\/2"}],"replies":[{"embeddable":true,"href":"https:\/\/der-nassenhof.de\/nl\/wp-json\/wp\/v2\/comments?post=6916"}],"version-history":[{"count":1,"href":"https:\/\/der-nassenhof.de\/nl\/wp-json\/wp\/v2\/pages\/6916\/revisions"}],"predecessor-version":[{"id":6918,"href":"https:\/\/der-nassenhof.de\/nl\/wp-json\/wp\/v2\/pages\/6916\/revisions\/6918"}],"wp:attachment":[{"href":"https:\/\/der-nassenhof.de\/nl\/wp-json\/wp\/v2\/media?parent=6916"}],"curies":[{"name":"wp","href":"https:\/\/api.w.org\/{rel}","templated":true}]}}